{"id":10,"date":"2016-01-14T16:50:56","date_gmt":"2016-01-14T16:50:56","guid":{"rendered":"https:\/\/demo.thembay.com\/greenmart2\/my-account\/"},"modified":"2021-05-24T12:21:09","modified_gmt":"2021-05-24T10:21:09","slug":"my-account","status":"publish","type":"page","link":"https:\/\/carnicaspascual.com\/?page_id=10","title":{"rendered":"Mi Cuenta"},"content":{"rendered":"<div class=\"woocommerce\"><div class=\"woocommerce-notices-wrapper\"><\/div>\r\n\r\n<div class=\"row\" id=\"customer_login\">\r\n\r\n\t<div class=\"col-md-6 col-12\">\r\n \r\n\r\n\t\t<h2>Login<\/h2>\r\n\r\n\t\t\r\n\t\t<form method=\"post\" class=\"woocommerce-form woocommerce-form-login login\" role=\"form\">\r\n\r\n\t\t\t\r\n\t\t\t<p class=\"form-group form-row form-row-wide\">\r\n\t\t\t\t<label for=\"username\">Username or mail<\/label>\r\n\t\t\t\t<input type=\"text\" class=\"input-text form-control\" name=\"username\" id=\"username\" autocomplete=\"username\" value=\"\" required aria-required=\"true\" \/>\r\n\t\t\t<\/p>\r\n\t\t\t<p class=\"form-group form-row form-row-wide\">\r\n\t\t\t\t<label for=\"password\">Password<\/label>\r\n\t\t\t\t<input class=\"input-text form-control\" type=\"password\" name=\"password\" id=\"password\" autocomplete=\"current-password\" required aria-required=\"true\" \/>\r\n\t\t\t<\/p>\r\n\r\n\t\t\t<div class=\"g-recaptcha\" id=\"g-recaptcha\" data-sitekey=\"6LcaPwscAAAAAI7XqIkx7ZOo9I8i-EX4tGd5OX_r\" data-callback=\"submitEnable\" data-expired-callback=\"submitDisable\"><\/div>\n<script>\n    function submitEnable() {\n                 var button = document.getElementById('wp-submit');\n                 if (button === null) {\n                     button = document.getElementById('submit');\n                 }\n                 if (button !== null) {\n                     button.removeAttribute('disabled');\n                 }\n                 var woo_buttons = [\".woocommerce-form-login button\",\".woocommerce-form-register button\",\".woocommerce-ResetPassword button\"];\n                 if (typeof jQuery != 'undefined') {\n                     jQuery.each(woo_buttons,function(i,btn) {\n                         jQuery(btn).removeAttr('disabled');\n                     });\n                 }\n             }\n    function submitDisable() {\n                 var button = document.getElementById('wp-submit');\n                 if (button === null) {\n                     button = document.getElementById('submit');\n                 }\n                 if (button !== null) {\n                     button.setAttribute('disabled','disabled');\n                 }\n                 var woo_buttons = [\".woocommerce-form-login button\",\".woocommerce-form-register button\",\".woocommerce-ResetPassword button\"];\n                 if (typeof jQuery != 'undefined') {\n                     jQuery.each(woo_buttons,function(i,btn) {\n                        jQuery(btn).attr('disabled','disabled');\n                     });\n                 }\n             }\n<\/script>\n<noscript>\n  <div style=\"width: 100%; height: 473px;\">\n      <div style=\"width: 100%; height: 422px; position: relative;\">\n          <div style=\"width: 302px; height: 422px; position: relative;\">\n              <iframe src=\"https:\/\/www.google.com\/recaptcha\/api\/fallback?k=6LcaPwscAAAAAI7XqIkx7ZOo9I8i-EX4tGd5OX_r\"\n                  frameborder=\"0\" title=\"captcha\" scrolling=\"no\"\n                  style=\"width: 302px; height:422px; border-style: none;\">\n              <\/iframe>\n          <\/div>\n          <div style=\"width: 100%; height: 60px; border-style: none;\n              bottom: 12px; left: 25px; margin: 0px; padding: 0px; right: 25px; background: #f9f9f9; border: 1px solid #c1c1c1; border-radius: 3px;\">\n              <textarea id=\"g-recaptcha-response\" name=\"g-recaptcha-response\"\n                  title=\"response\" class=\"g-recaptcha-response\"\n                  style=\"width: 250px; height: 40px; border: 1px solid #c1c1c1;\n                  margin: 10px 25px; padding: 0px; resize: none;\" value=\"\">\n              <\/textarea>\n          <\/div>\n      <\/div>\n<\/div><br>\n<\/noscript>\n\r\n\t\t\t<p class=\"form-group form-row form-remember-lost-password\"> \r\n\t\t\t\t<label class=\"woocommerce-form__label woocommerce-form__label-for-checkbox woocommerce-form-login__rememberme\">\r\n\t\t\t\t\t<input class=\"woocommerce-form__input woocommerce-form__input-checkbox\" name=\"rememberme\" type=\"checkbox\" id=\"rememberme\" value=\"forever\" \/> <span>Remember me<\/span>\r\n\t\t\t\t<\/label>\r\n\t\t\t\t<span class=\"form-group lost_password\">\r\n\t\t\t\t\t<a href=\"https:\/\/carnicaspascual.com\/?page_id=10&#038;lost-password\">Lost password?<\/a>\r\n\t\t\t\t<\/span>\r\n\t\t\t<\/p>\r\n\r\n\t\t\t<input type=\"hidden\" id=\"woocommerce-login-nonce\" name=\"woocommerce-login-nonce\" value=\"40256f82cb\" \/><input type=\"hidden\" name=\"_wp_http_referer\" value=\"\/index.php?rest_route=%2Fwp%2Fv2%2Fpages%2F10\" \/>\t\t\t<button type=\"submit\" class=\"woocommerce-button button woocommerce-form-login__submit\" name=\"login\" value=\"Login\">Login<\/button>\r\n\t\t\t\r\n\r\n\t\t\t\r\n\t\t<\/form>\r\n\r\n\r\n\t<\/div>\r\n\r\n\t<div class=\"col-md-6 col-12\">\r\n\r\n\t\t<h2>Register<\/h2>\r\n\r\n\t\t\r\n\t\t<form method=\"post\" class=\"register widget\"  >\r\n\r\n\t\t\t\r\n\t\t\t\r\n\t\t\t<p class=\"form-group form-row form-row-wide\">\r\n\t\t\t\t<label for=\"reg_email\">Email address&nbsp;<span class=\"required\" aria-hidden=\"true\">*<\/span><span class=\"screen-reader-text\">Required<\/span><\/label>\r\n\t\t\t\t<input type=\"email\" class=\"input-text form-control\" name=\"email\" id=\"reg_email\" autocomplete=\"email\" value=\"\" required aria-required=\"true\" \/>\t\t\t<\/p>\r\n\r\n\t\t\t\r\n\t\t\t\t<p class=\"form-group form-row form-row-wide\">\r\n\t\t\t\t\t<label for=\"reg_password\">Password&nbsp;<span class=\"required\" aria-hidden=\"true\">*<\/span><span class=\"screen-reader-text\">Required<\/span><\/label>\r\n\t\t\t\t\t<input type=\"password\" class=\"input-text form-control\" name=\"password\" id=\"reg_password\" autocomplete=\"new-password\" required aria-required=\"true\" \/>\r\n\t\t\t\t<\/p>\r\n\r\n\t\t\t\r\n\t\t\t<div class=\"g-recaptcha\" id=\"g-recaptcha\" data-sitekey=\"6LcaPwscAAAAAI7XqIkx7ZOo9I8i-EX4tGd5OX_r\" data-callback=\"submitEnable\" data-expired-callback=\"submitDisable\"><\/div>\n<script>\n    function submitEnable() {\n                 var button = document.getElementById('wp-submit');\n                 if (button === null) {\n                     button = document.getElementById('submit');\n                 }\n                 if (button !== null) {\n                     button.removeAttribute('disabled');\n                 }\n                 var woo_buttons = [\".woocommerce-form-login button\",\".woocommerce-form-register button\",\".woocommerce-ResetPassword button\"];\n                 if (typeof jQuery != 'undefined') {\n                     jQuery.each(woo_buttons,function(i,btn) {\n                         jQuery(btn).removeAttr('disabled');\n                     });\n                 }\n             }\n    function submitDisable() {\n                 var button = document.getElementById('wp-submit');\n                 if (button === null) {\n                     button = document.getElementById('submit');\n                 }\n                 if (button !== null) {\n                     button.setAttribute('disabled','disabled');\n                 }\n                 var woo_buttons = [\".woocommerce-form-login button\",\".woocommerce-form-register button\",\".woocommerce-ResetPassword button\"];\n                 if (typeof jQuery != 'undefined') {\n                     jQuery.each(woo_buttons,function(i,btn) {\n                        jQuery(btn).attr('disabled','disabled');\n                     });\n                 }\n             }\n<\/script>\n<noscript>\n  <div style=\"width: 100%; height: 473px;\">\n      <div style=\"width: 100%; height: 422px; position: relative;\">\n          <div style=\"width: 302px; height: 422px; position: relative;\">\n              <iframe src=\"https:\/\/www.google.com\/recaptcha\/api\/fallback?k=6LcaPwscAAAAAI7XqIkx7ZOo9I8i-EX4tGd5OX_r\"\n                  frameborder=\"0\" title=\"captcha\" scrolling=\"no\"\n                  style=\"width: 302px; height:422px; border-style: none;\">\n              <\/iframe>\n          <\/div>\n          <div style=\"width: 100%; height: 60px; border-style: none;\n              bottom: 12px; left: 25px; margin: 0px; padding: 0px; right: 25px; background: #f9f9f9; border: 1px solid #c1c1c1; border-radius: 3px;\">\n              <textarea id=\"g-recaptcha-response\" name=\"g-recaptcha-response\"\n                  title=\"response\" class=\"g-recaptcha-response\"\n                  style=\"width: 250px; height: 40px; border: 1px solid #c1c1c1;\n                  margin: 10px 25px; padding: 0px; resize: none;\" value=\"\">\n              <\/textarea>\n          <\/div>\n      <\/div>\n<\/div><br>\n<\/noscript>\n<wc-order-attribution-inputs><\/wc-order-attribution-inputs><div class=\"woocommerce-privacy-policy-text\"><p>Sus datos personales se utilizar\u00e1n para mejorar su experiencia de usuario en el acceso a cuenta y otros fines descritos en: <a href=\"https:\/\/carnicaspascual.com\/?page_id=2831\" class=\"woocommerce-privacy-policy-link\" target=\"_blank\">pol\u00edtica de privacidad<\/a>.<\/p>\n<\/div>\r\n\t\t\t<p class=\"form-group form-row\">\r\n\t\t\t\t<input type=\"hidden\" id=\"woocommerce-register-nonce\" name=\"woocommerce-register-nonce\" value=\"2308b99868\" \/><input type=\"hidden\" name=\"_wp_http_referer\" value=\"\/index.php?rest_route=%2Fwp%2Fv2%2Fpages%2F10\" \/>\t\t\t\t<button type=\"submit\" class=\"woocommerce-Button woocommerce-button button woocommerce-form-register__submit\" name=\"register\" value=\"Register\">Register<\/button>\r\n\t\t\t<\/p>\r\n\r\n\t\t\t\r\n\t\t<\/form>\r\n\r\n\t<\/div>\r\n\r\n<\/div>\r\n\r\n\r\n\r\n\r\n\r\n<\/div>\n","protected":false},"excerpt":{"rendered":"Login Username or mail Password Remember me Lost password? Login Register Email address&nbsp;*Required Password&nbsp;*Required Sus datos personales se utilizar\u00e1n para mejorar su experiencia de usuario en el acceso a cuenta y otros fines descritos en: pol\u00edtica de privacidad. Register","protected":false},"author":1,"featured_media":0,"parent":0,"menu_order":0,"comment_status":"closed","ping_status":"closed","template":"","meta":{"footnotes":""},"class_list":["post-10","page","type-page","status-publish","hentry"],"yoast_head":"<!-- This site is optimized with the Yoast SEO plugin v27.5 - https:\/\/yoast.com\/product\/yoast-seo-wordpress\/ -->\n<title>Mi Cuenta - C\u00e1rnicas Pascual<\/title>\n<meta name=\"robots\" content=\"noindex, nofollow\" \/>\n<meta property=\"og:locale\" content=\"es_ES\" \/>\n<meta property=\"og:type\" content=\"article\" \/>\n<meta property=\"og:title\" content=\"Mi Cuenta - C\u00e1rnicas Pascual\" \/>\n<meta property=\"og:url\" content=\"https:\/\/carnicaspascual.com\/?page_id=10\" \/>\n<meta property=\"og:site_name\" content=\"C\u00e1rnicas Pascual\" \/>\n<meta property=\"article:modified_time\" content=\"2021-05-24T10:21:09+00:00\" \/>\n<meta name=\"twitter:card\" content=\"summary_large_image\" \/>\n<script type=\"application\/ld+json\" class=\"yoast-schema-graph\">{\"@context\":\"https:\\\/\\\/schema.org\",\"@graph\":[{\"@type\":\"WebPage\",\"@id\":\"https:\\\/\\\/carnicaspascual.com\\\/?page_id=10\",\"url\":\"https:\\\/\\\/carnicaspascual.com\\\/?page_id=10\",\"name\":\"Mi Cuenta - C\u00e1rnicas Pascual\",\"isPartOf\":{\"@id\":\"https:\\\/\\\/carnicaspascual.com\\\/#website\"},\"datePublished\":\"2016-01-14T16:50:56+00:00\",\"dateModified\":\"2021-05-24T10:21:09+00:00\",\"breadcrumb\":{\"@id\":\"https:\\\/\\\/carnicaspascual.com\\\/?page_id=10#breadcrumb\"},\"inLanguage\":\"es\",\"potentialAction\":[{\"@type\":\"ReadAction\",\"target\":[\"https:\\\/\\\/carnicaspascual.com\\\/?page_id=10\"]}]},{\"@type\":\"BreadcrumbList\",\"@id\":\"https:\\\/\\\/carnicaspascual.com\\\/?page_id=10#breadcrumb\",\"itemListElement\":[{\"@type\":\"ListItem\",\"position\":1,\"name\":\"Portada\",\"item\":\"https:\\\/\\\/carnicaspascual.com\\\/\"},{\"@type\":\"ListItem\",\"position\":2,\"name\":\"Mi Cuenta\"}]},{\"@type\":\"WebSite\",\"@id\":\"https:\\\/\\\/carnicaspascual.com\\\/#website\",\"url\":\"https:\\\/\\\/carnicaspascual.com\\\/\",\"name\":\"C\u00e1rnicas Pascual\",\"description\":\"Carnicer\u00eda en San Sebasti\u00e1n de los Reyes y Alcobendas | Env\u00edo a domicilio |  91 651 58 52 | Tienda Online\",\"potentialAction\":[{\"@type\":\"SearchAction\",\"target\":{\"@type\":\"EntryPoint\",\"urlTemplate\":\"https:\\\/\\\/carnicaspascual.com\\\/?s={search_term_string}\"},\"query-input\":{\"@type\":\"PropertyValueSpecification\",\"valueRequired\":true,\"valueName\":\"search_term_string\"}}],\"inLanguage\":\"es\"}]}<\/script>\n<!-- \/ Yoast SEO plugin. -->","yoast_head_json":{"title":"Mi Cuenta - C\u00e1rnicas Pascual","robots":{"index":"noindex","follow":"nofollow"},"og_locale":"es_ES","og_type":"article","og_title":"Mi Cuenta - C\u00e1rnicas Pascual","og_url":"https:\/\/carnicaspascual.com\/?page_id=10","og_site_name":"C\u00e1rnicas Pascual","article_modified_time":"2021-05-24T10:21:09+00:00","twitter_card":"summary_large_image","schema":{"@context":"https:\/\/schema.org","@graph":[{"@type":"WebPage","@id":"https:\/\/carnicaspascual.com\/?page_id=10","url":"https:\/\/carnicaspascual.com\/?page_id=10","name":"Mi Cuenta - C\u00e1rnicas Pascual","isPartOf":{"@id":"https:\/\/carnicaspascual.com\/#website"},"datePublished":"2016-01-14T16:50:56+00:00","dateModified":"2021-05-24T10:21:09+00:00","breadcrumb":{"@id":"https:\/\/carnicaspascual.com\/?page_id=10#breadcrumb"},"inLanguage":"es","potentialAction":[{"@type":"ReadAction","target":["https:\/\/carnicaspascual.com\/?page_id=10"]}]},{"@type":"BreadcrumbList","@id":"https:\/\/carnicaspascual.com\/?page_id=10#breadcrumb","itemListElement":[{"@type":"ListItem","position":1,"name":"Portada","item":"https:\/\/carnicaspascual.com\/"},{"@type":"ListItem","position":2,"name":"Mi Cuenta"}]},{"@type":"WebSite","@id":"https:\/\/carnicaspascual.com\/#website","url":"https:\/\/carnicaspascual.com\/","name":"C\u00e1rnicas Pascual","description":"Carnicer\u00eda en San Sebasti\u00e1n de los Reyes y Alcobendas | Env\u00edo a domicilio |  91 651 58 52 | Tienda Online","potentialAction":[{"@type":"SearchAction","target":{"@type":"EntryPoint","urlTemplate":"https:\/\/carnicaspascual.com\/?s={search_term_string}"},"query-input":{"@type":"PropertyValueSpecification","valueRequired":true,"valueName":"search_term_string"}}],"inLanguage":"es"}]}},"_links":{"self":[{"href":"https:\/\/carnicaspascual.com\/index.php?rest_route=\/wp\/v2\/pages\/10","targetHints":{"allow":["GET"]}}],"collection":[{"href":"https:\/\/carnicaspascual.com\/index.php?rest_route=\/wp\/v2\/pages"}],"about":[{"href":"https:\/\/carnicaspascual.com\/index.php?rest_route=\/wp\/v2\/types\/page"}],"author":[{"embeddable":true,"href":"https:\/\/carnicaspascual.com\/index.php?rest_route=\/wp\/v2\/users\/1"}],"replies":[{"embeddable":true,"href":"https:\/\/carnicaspascual.com\/index.php?rest_route=%2Fwp%2Fv2%2Fcomments&post=10"}],"version-history":[{"count":1,"href":"https:\/\/carnicaspascual.com\/index.php?rest_route=\/wp\/v2\/pages\/10\/revisions"}],"predecessor-version":[{"id":2774,"href":"https:\/\/carnicaspascual.com\/index.php?rest_route=\/wp\/v2\/pages\/10\/revisions\/2774"}],"wp:attachment":[{"href":"https:\/\/carnicaspascual.com\/index.php?rest_route=%2Fwp%2Fv2%2Fmedia&parent=10"}],"curies":[{"name":"wp","href":"https:\/\/api.w.org\/{rel}","templated":true}]}}