{"id":1657,"date":"2017-09-12T08:31:35","date_gmt":"2017-09-12T08:31:35","guid":{"rendered":"https:\/\/demo.thembay.com\/greenmart\/?page_id=1657"},"modified":"2020-05-19T08:39:29","modified_gmt":"2020-05-19T06:39:29","slug":"service","status":"publish","type":"page","link":"https:\/\/carnicaspascual.com\/?page_id=1657","title":{"rendered":"C\u00e1rnicas para Empresas"},"content":{"rendered":"<div class=\"wpb-content-wrapper\"><p>[vc_row el_class=&#8221;text-center&#8221;][vc_column][tbay_title_heading title=&#8221;Servicio especial&#8221; descript=&#8221;Para clientes especiales&#8221; style=&#8221;style2&#8243; align=&#8221;center&#8221; buttons=&#8221;btn-default btn-outline&#8221; buttons2=&#8221;btn-default btn-outline&#8221; el_class=&#8221;title_underlined text-center&#8221;][vc_column_text css_animation=&#8221;fadeInUp&#8221;]<\/p>\n<div class=\"about-sub\">Si tienes un negocio y necesitas de un reparto continuado a tu empresa. TE AYUDAMOS. Somos flexibles nos adaptamos a vuestra forma de trabajar. Ofertamos presupuestos \u00fanicos y exclusivos en funci\u00f3n de vuestras necesidades de consumo.<\/div>\n<p>[\/vc_column_text][vc_row_inner css=&#8221;.vc_custom_1504689041779{background-color: #fcfcfc !important;}&#8221;][vc_column_inner width=&#8221;1\/2&#8243;][vc_single_image image=&#8221;2885&#8243; img_size=&#8221;full&#8221; css_animation=&#8221;fadeInLeft&#8221; el_class=&#8221;no-link&#8221;][\/vc_column_inner][vc_column_inner width=&#8221;1\/2&#8243; css=&#8221;.vc_custom_1504689074321{padding-top: 113px !important;}&#8221;][tbay_title_heading title=&#8221;Reparto para Hosteler\u00eda&#8221; align=&#8221;center&#8221; buttons=&#8221;btn-default btn-outline&#8221; buttons2=&#8221;btn-default btn-outline&#8221; el_class=&#8221;title_underlined text-center&#8221;][vc_column_text css_animation=&#8221;fadeInUp&#8221;]<\/p>\n<div class=\"about-sub\">G\u00e9nero de la mejor calidad, para que tus clientes queden siempre satisfechos. Suministramos carnicer\u00eda, poller\u00eda y charcuter\u00eda en un \u00fanico pedido. Comodidad a buenos precios.<\/div>\n<p>[\/vc_column_text][vc_btn title=&#8221;Pide presupuesto&#8221; style=&#8221;flat&#8221; color=&#8221;green&#8221; i_align=&#8221;right&#8221; i_icon_fontawesome=&#8221;&#8221; add_icon=&#8221;true&#8221; link=&#8221;url:https%3A%2F%2Fcarnicaspascual.com%2Fcontacto%2F|title:Contacto||&#8221;][\/vc_column_inner][\/vc_row_inner][vc_row_inner css=&#8221;.vc_custom_1504689041779{background-color: #fcfcfc !important;}&#8221;][vc_column_inner el_class=&#8221;pull-right&#8221; width=&#8221;1\/2&#8243;][vc_single_image image=&#8221;2884&#8243; img_size=&#8221;full&#8221; css_animation=&#8221;fadeInRight&#8221; el_class=&#8221;no-link&#8221;][\/vc_column_inner][vc_column_inner width=&#8221;1\/2&#8243; css=&#8221;.vc_custom_1504689074321{padding-top: 113px !important;}&#8221;][tbay_title_heading title=&#8221;Servicio Instituciones&#8221; align=&#8221;center&#8221; buttons=&#8221;btn-default btn-outline&#8221; buttons2=&#8221;btn-default btn-outline&#8221; el_class=&#8221;title_underlined text-center&#8221;][vc_column_text css_animation=&#8221;fadeInUp&#8221;]<\/p>\n<div class=\"about-sub\">Disponemos de servicio de productos c\u00e1rnicos a <strong>Colegios, Escuelas Infantiles, Colectividades<\/strong>. Servimos calidad, con cortes especiales y g\u00e9neros especiales.<\/div>\n<p>[\/vc_column_text][vc_btn title=&#8221;Pide presupuesto&#8221; style=&#8221;flat&#8221; color=&#8221;green&#8221; i_align=&#8221;right&#8221; i_icon_fontawesome=&#8221;&#8221; add_icon=&#8221;true&#8221; link=&#8221;url:https%3A%2F%2Fcarnicaspascual.com%2Fcontacto%2F|title:Contacto||&#8221;][\/vc_column_inner][\/vc_row_inner][\/vc_column][\/vc_row][vc_row][vc_column][vc_empty_space height=&#8221;50px&#8221;][\/vc_column][\/vc_row]<\/p>\n<\/div>","protected":false},"excerpt":{"rendered":"<p>[vc_row el_class=&#8221;text-center&#8221;][vc_column][tbay_title_heading title=&#8221;Servicio especial&#8221; descript=&#8221;Para clientes especiales&#8221; style=&#8221;style2&#8243; align=&#8221;center&#8221; buttons=&#8221;btn-default btn-outline&#8221; buttons2=&#8221;btn-default btn-outline&#8221; el_class=&#8221;title_underlined text-center&#8221;][vc_column_text css_animation=&#8221;fadeInUp&#8221;] Si tienes un negocio y necesitas de un reparto continuado a tu empresa. TE AYUDAMOS. Somos flexibles nos adaptamos a vuestra forma de trabajar. Ofertamos presupuestos \u00fanicos y exclusivos en funci\u00f3n de vuestras necesidades de consumo. [\/vc_column_text][vc_row_inner css=&#8221;.vc_custom_1504689041779{background-color: #fcfcfc &hellip; <a href=\"https:\/\/carnicaspascual.com\/?page_id=1657\" class=\"more-link\">Continue reading <span class=\"screen-reader-text\">C\u00e1rnicas para Empresas<\/span><\/a><\/p>\n","protected":false},"author":1,"featured_media":2884,"parent":0,"menu_order":0,"comment_status":"closed","ping_status":"closed","template":"","meta":{"footnotes":""},"class_list":["post-1657","page","type-page","status-publish","has-post-thumbnail","hentry"],"yoast_head":"<!-- This site is optimized with the Yoast SEO plugin v27.5 - https:\/\/yoast.com\/product\/yoast-seo-wordpress\/ -->\n<title>C\u00e1rnicas para Empresas - C\u00e1rnicas Pascual | 606 15 69 70<\/title>\n<meta name=\"description\" content=\"C\u00e1rnicas para Empresas. \u260e 60615 69 70.\u2705 Servimos a todo tipo de empresas e instituciones. \u2705Hosteler\u00eda, \u2705Colegios, \u2705Escuelas, \u2705Colectividades\" \/>\n<meta name=\"robots\" content=\"index, follow, max-snippet:-1, max-image-preview:large, max-video-preview:-1\" \/>\n<link rel=\"canonical\" href=\"https:\/\/carnicaspascual.com\/?page_id=1657\" \/>\n<meta property=\"og:locale\" content=\"es_ES\" \/>\n<meta property=\"og:type\" content=\"article\" \/>\n<meta property=\"og:title\" content=\"C\u00e1rnicas para Empresas - C\u00e1rnicas Pascual | 606 15 69 70\" \/>\n<meta property=\"og:description\" content=\"C\u00e1rnicas para Empresas. \u260e 60615 69 70.\u2705 Servimos a todo tipo de empresas e instituciones. \u2705Hosteler\u00eda, \u2705Colegios, \u2705Escuelas, \u2705Colectividades\" \/>\n<meta property=\"og:url\" content=\"https:\/\/carnicaspascual.com\/?page_id=1657\" \/>\n<meta property=\"og:site_name\" content=\"C\u00e1rnicas Pascual\" \/>\n<meta property=\"article:modified_time\" content=\"2020-05-19T06:39:29+00:00\" \/>\n<meta property=\"og:image\" content=\"https:\/\/carnicaspascual.com\/wp-content\/uploads\/2020\/04\/Imagen-servicio-empresas-instituciones.jpg\" \/>\n\t<meta property=\"og:image:width\" content=\"585\" \/>\n\t<meta property=\"og:image:height\" content=\"390\" \/>\n\t<meta property=\"og:image:type\" content=\"image\/jpeg\" \/>\n<meta name=\"twitter:card\" content=\"summary_large_image\" \/>\n<meta name=\"twitter:label1\" content=\"Tiempo de lectura\" \/>\n\t<meta name=\"twitter:data1\" content=\"2 minutos\" \/>\n<script type=\"application\/ld+json\" class=\"yoast-schema-graph\">{\"@context\":\"https:\\\/\\\/schema.org\",\"@graph\":[{\"@type\":\"WebPage\",\"@id\":\"https:\\\/\\\/carnicaspascual.com\\\/?page_id=1657\",\"url\":\"https:\\\/\\\/carnicaspascual.com\\\/?page_id=1657\",\"name\":\"C\u00e1rnicas para Empresas - C\u00e1rnicas Pascual | 606 15 69 70\",\"isPartOf\":{\"@id\":\"https:\\\/\\\/carnicaspascual.com\\\/#website\"},\"primaryImageOfPage\":{\"@id\":\"https:\\\/\\\/carnicaspascual.com\\\/?page_id=1657#primaryimage\"},\"image\":{\"@id\":\"https:\\\/\\\/carnicaspascual.com\\\/?page_id=1657#primaryimage\"},\"thumbnailUrl\":\"https:\\\/\\\/carnicaspascual.com\\\/wp-content\\\/uploads\\\/2020\\\/04\\\/Imagen-servicio-empresas-instituciones.jpg\",\"datePublished\":\"2017-09-12T08:31:35+00:00\",\"dateModified\":\"2020-05-19T06:39:29+00:00\",\"description\":\"C\u00e1rnicas para Empresas. \u260e 60615 69 70.\u2705 Servimos a todo tipo de empresas e instituciones. \u2705Hosteler\u00eda, \u2705Colegios, \u2705Escuelas, \u2705Colectividades\",\"breadcrumb\":{\"@id\":\"https:\\\/\\\/carnicaspascual.com\\\/?page_id=1657#breadcrumb\"},\"inLanguage\":\"es\",\"potentialAction\":[{\"@type\":\"ReadAction\",\"target\":[\"https:\\\/\\\/carnicaspascual.com\\\/?page_id=1657\"]}]},{\"@type\":\"ImageObject\",\"inLanguage\":\"es\",\"@id\":\"https:\\\/\\\/carnicaspascual.com\\\/?page_id=1657#primaryimage\",\"url\":\"https:\\\/\\\/carnicaspascual.com\\\/wp-content\\\/uploads\\\/2020\\\/04\\\/Imagen-servicio-empresas-instituciones.jpg\",\"contentUrl\":\"https:\\\/\\\/carnicaspascual.com\\\/wp-content\\\/uploads\\\/2020\\\/04\\\/Imagen-servicio-empresas-instituciones.jpg\",\"width\":585,\"height\":390},{\"@type\":\"BreadcrumbList\",\"@id\":\"https:\\\/\\\/carnicaspascual.com\\\/?page_id=1657#breadcrumb\",\"itemListElement\":[{\"@type\":\"ListItem\",\"position\":1,\"name\":\"Portada\",\"item\":\"https:\\\/\\\/carnicaspascual.com\\\/\"},{\"@type\":\"ListItem\",\"position\":2,\"name\":\"C\u00e1rnicas para Empresas\"}]},{\"@type\":\"WebSite\",\"@id\":\"https:\\\/\\\/carnicaspascual.com\\\/#website\",\"url\":\"https:\\\/\\\/carnicaspascual.com\\\/\",\"name\":\"C\u00e1rnicas Pascual\",\"description\":\"Carnicer\u00eda en San Sebasti\u00e1n de los Reyes y Alcobendas | Env\u00edo a domicilio |  91 651 58 52 | Tienda Online\",\"potentialAction\":[{\"@type\":\"SearchAction\",\"target\":{\"@type\":\"EntryPoint\",\"urlTemplate\":\"https:\\\/\\\/carnicaspascual.com\\\/?s={search_term_string}\"},\"query-input\":{\"@type\":\"PropertyValueSpecification\",\"valueRequired\":true,\"valueName\":\"search_term_string\"}}],\"inLanguage\":\"es\"}]}<\/script>\n<!-- \/ Yoast SEO plugin. -->","yoast_head_json":{"title":"C\u00e1rnicas para Empresas - C\u00e1rnicas Pascual | 606 15 69 70","description":"C\u00e1rnicas para Empresas. \u260e 60615 69 70.\u2705 Servimos a todo tipo de empresas e instituciones. \u2705Hosteler\u00eda, \u2705Colegios, \u2705Escuelas, \u2705Colectividades","robots":{"index":"index","follow":"follow","max-snippet":"max-snippet:-1","max-image-preview":"max-image-preview:large","max-video-preview":"max-video-preview:-1"},"canonical":"https:\/\/carnicaspascual.com\/?page_id=1657","og_locale":"es_ES","og_type":"article","og_title":"C\u00e1rnicas para Empresas - C\u00e1rnicas Pascual | 606 15 69 70","og_description":"C\u00e1rnicas para Empresas. \u260e 60615 69 70.\u2705 Servimos a todo tipo de empresas e instituciones. \u2705Hosteler\u00eda, \u2705Colegios, \u2705Escuelas, \u2705Colectividades","og_url":"https:\/\/carnicaspascual.com\/?page_id=1657","og_site_name":"C\u00e1rnicas Pascual","article_modified_time":"2020-05-19T06:39:29+00:00","og_image":[{"width":585,"height":390,"url":"https:\/\/carnicaspascual.com\/wp-content\/uploads\/2020\/04\/Imagen-servicio-empresas-instituciones.jpg","type":"image\/jpeg"}],"twitter_card":"summary_large_image","twitter_misc":{"Tiempo de lectura":"2 minutos"},"schema":{"@context":"https:\/\/schema.org","@graph":[{"@type":"WebPage","@id":"https:\/\/carnicaspascual.com\/?page_id=1657","url":"https:\/\/carnicaspascual.com\/?page_id=1657","name":"C\u00e1rnicas para Empresas - C\u00e1rnicas Pascual | 606 15 69 70","isPartOf":{"@id":"https:\/\/carnicaspascual.com\/#website"},"primaryImageOfPage":{"@id":"https:\/\/carnicaspascual.com\/?page_id=1657#primaryimage"},"image":{"@id":"https:\/\/carnicaspascual.com\/?page_id=1657#primaryimage"},"thumbnailUrl":"https:\/\/carnicaspascual.com\/wp-content\/uploads\/2020\/04\/Imagen-servicio-empresas-instituciones.jpg","datePublished":"2017-09-12T08:31:35+00:00","dateModified":"2020-05-19T06:39:29+00:00","description":"C\u00e1rnicas para Empresas. \u260e 60615 69 70.\u2705 Servimos a todo tipo de empresas e instituciones. \u2705Hosteler\u00eda, \u2705Colegios, \u2705Escuelas, \u2705Colectividades","breadcrumb":{"@id":"https:\/\/carnicaspascual.com\/?page_id=1657#breadcrumb"},"inLanguage":"es","potentialAction":[{"@type":"ReadAction","target":["https:\/\/carnicaspascual.com\/?page_id=1657"]}]},{"@type":"ImageObject","inLanguage":"es","@id":"https:\/\/carnicaspascual.com\/?page_id=1657#primaryimage","url":"https:\/\/carnicaspascual.com\/wp-content\/uploads\/2020\/04\/Imagen-servicio-empresas-instituciones.jpg","contentUrl":"https:\/\/carnicaspascual.com\/wp-content\/uploads\/2020\/04\/Imagen-servicio-empresas-instituciones.jpg","width":585,"height":390},{"@type":"BreadcrumbList","@id":"https:\/\/carnicaspascual.com\/?page_id=1657#breadcrumb","itemListElement":[{"@type":"ListItem","position":1,"name":"Portada","item":"https:\/\/carnicaspascual.com\/"},{"@type":"ListItem","position":2,"name":"C\u00e1rnicas para Empresas"}]},{"@type":"WebSite","@id":"https:\/\/carnicaspascual.com\/#website","url":"https:\/\/carnicaspascual.com\/","name":"C\u00e1rnicas Pascual","description":"Carnicer\u00eda en San Sebasti\u00e1n de los Reyes y Alcobendas | Env\u00edo a domicilio |  91 651 58 52 | Tienda Online","potentialAction":[{"@type":"SearchAction","target":{"@type":"EntryPoint","urlTemplate":"https:\/\/carnicaspascual.com\/?s={search_term_string}"},"query-input":{"@type":"PropertyValueSpecification","valueRequired":true,"valueName":"search_term_string"}}],"inLanguage":"es"}]}},"_links":{"self":[{"href":"https:\/\/carnicaspascual.com\/index.php?rest_route=\/wp\/v2\/pages\/1657","targetHints":{"allow":["GET"]}}],"collection":[{"href":"https:\/\/carnicaspascual.com\/index.php?rest_route=\/wp\/v2\/pages"}],"about":[{"href":"https:\/\/carnicaspascual.com\/index.php?rest_route=\/wp\/v2\/types\/page"}],"author":[{"embeddable":true,"href":"https:\/\/carnicaspascual.com\/index.php?rest_route=\/wp\/v2\/users\/1"}],"replies":[{"embeddable":true,"href":"https:\/\/carnicaspascual.com\/index.php?rest_route=%2Fwp%2Fv2%2Fcomments&post=1657"}],"version-history":[{"count":7,"href":"https:\/\/carnicaspascual.com\/index.php?rest_route=\/wp\/v2\/pages\/1657\/revisions"}],"predecessor-version":[{"id":3454,"href":"https:\/\/carnicaspascual.com\/index.php?rest_route=\/wp\/v2\/pages\/1657\/revisions\/3454"}],"wp:featuredmedia":[{"embeddable":true,"href":"https:\/\/carnicaspascual.com\/index.php?rest_route=\/wp\/v2\/media\/2884"}],"wp:attachment":[{"href":"https:\/\/carnicaspascual.com\/index.php?rest_route=%2Fwp%2Fv2%2Fmedia&parent=1657"}],"curies":[{"name":"wp","href":"https:\/\/api.w.org\/{rel}","templated":true}]}}