{"id":3777,"date":"2023-10-10T10:14:45","date_gmt":"2023-10-10T08:14:45","guid":{"rendered":"https:\/\/carnicaspascual.com\/?page_id=3777"},"modified":"2023-10-11T07:48:22","modified_gmt":"2023-10-11T05:48:22","slug":"carniceria-de-calidad-en-san-sebastian-de-los-reyes","status":"publish","type":"page","link":"https:\/\/carnicaspascual.com\/?page_id=3777","title":{"rendered":"Carnicer\u00eda de calidad en San Sebasti\u00e1n de los Reyes"},"content":{"rendered":"<div class=\"wpb-content-wrapper\"><p>[vc_row el_class=&#8221;text-center&#8221;][vc_column][tbay_title_heading title=&#8221;C\u00e1rnicas Pascual e Hijos S. L.&#8221; descript=&#8221;Mejor calidad y mejor trato.&#8221; style=&#8221;style2&#8243; align=&#8221;center&#8221; buttons=&#8221;btn-default btn-outline&#8221; buttons2=&#8221;btn-default btn-outline&#8221; el_class=&#8221;title_underlined text-center&#8221;][vc_column_text css_animation=&#8221;fadeInUp&#8221;]En C\u00e1rnicas Pascual, nuestra pasi\u00f3n por la carne y el compromiso con la calidad se han transmitido de generaci\u00f3n en generaci\u00f3n. <strong>Dedicados en San Sebasti\u00e1n de los Reyes desde 1982<\/strong>. Somos la <strong>carnicer\u00eda de siempre<\/strong>, arraigada en la tradici\u00f3n y dedicada a proporcionar a nuestros clientes los cortes de carne m\u00e1s deliciosos y frescos que puedas encontrar en San Sebasti\u00e1n de los Reyes. Diariamente realizamos en nuestro obrador <strong>productos elaborados propios<\/strong>. Garantizamos una m\u00e1xima frescura en todo ello.[\/vc_column_text][vc_row_inner css=&#8221;.vc_custom_1504689041779{background-color: #fcfcfc !important;}&#8221;][vc_column_inner width=&#8221;1\/2&#8243;][vc_single_image image=&#8221;3785&#8243; img_size=&#8221;full&#8221; css_animation=&#8221;fadeInLeft&#8221; el_class=&#8221;no-link&#8221;][\/vc_column_inner][vc_column_inner width=&#8221;1\/2&#8243; css=&#8221;.vc_custom_1504689074321{padding-top: 113px !important;}&#8221;][tbay_title_heading title=&#8221;Carnicer\u00eda de Calidad en San Sebasti\u00e1n de los Reyes&#8221; align=&#8221;center&#8221; buttons=&#8221;btn-default btn-outline&#8221; buttons2=&#8221;btn-default btn-outline&#8221; el_class=&#8221;title_underlined text-center&#8221;][vc_column_text css_animation=&#8221;fadeInUp&#8221;]<\/p>\n<div class=\"about-sub\">\u00a0Tu carnicer\u00eda de confianza para disfrutar de la carne de la m\u00e1s alta calidad en San Sebasti\u00e1n de los Reyes. Con una tradici\u00f3n arraigada y un compromiso inquebrantable con la excelencia, somos la elecci\u00f3n preferida de quienes buscan lo mejor en carnes frescas y sabrosas.<\/div>\n<p>[\/vc_column_text][\/vc_column_inner][\/vc_row_inner][vc_row_inner css=&#8221;.vc_custom_1504689041779{background-color: #fcfcfc !important;}&#8221;][vc_column_inner el_class=&#8221;pull-right&#8221; width=&#8221;1\/2&#8243;][vc_raw_html]JTNDaWZyYW1lJTIwd2lkdGglM0QlMjI1ODAlMjIlMjBoZWlnaHQlM0QlMjIzOTAlMjIlMjAlMjBzcmMlM0QlMjJodHRwcyUzQSUyRiUyRmNhcm5pY2FzcGFzY3VhbC5jb20lMkZ3cC1jb250ZW50JTJGdXBsb2FkcyUyRjIwMjMlMkYxMCUyRlZpZGVvLVF1aWVuZXMtU29tb3MtMS5tcDQlMjIlMjBhbGxvdyUzRCUyMmF1dG9wbGF5JTIyJTIwJTIwZnJhbWVib3JkZXIlM0QlMjIwJTIyJTIwYWxsb3dmdWxsc2NyZWVuJTNFJTNDJTJGaWZyYW1lJTNFJTBB[\/vc_raw_html][\/vc_column_inner][vc_column_inner width=&#8221;1\/2&#8243; css=&#8221;.vc_custom_1504689074321{padding-top: 113px !important;}&#8221;][tbay_title_heading title=&#8221;La Carnicer\u00eda de Siempre&#8221; align=&#8221;center&#8221; buttons=&#8221;btn-default btn-outline&#8221; buttons2=&#8221;btn-default btn-outline&#8221; el_class=&#8221;title_underlined text-center&#8221;][vc_column_text css_animation=&#8221;fadeInUp&#8221;]<\/p>\n<div class=\"about-sub\">Desde hace d\u00e9cadas, hemos sido el lugar de referencia para aquellos que buscan la <strong>carne de mejor calidad en la zona<\/strong>. Nuestra experiencia en la selecci\u00f3n de los cortes m\u00e1s finos y en la atenci\u00f3n al cliente nos ha convertido en una <strong>carnicer\u00eda de siempre<\/strong>, donde la calidad y el servicio son nuestro sello distintivo.<\/div>\n<p>[\/vc_column_text][\/vc_column_inner][\/vc_row_inner][vc_row_inner css=&#8221;.vc_custom_1504689041779{background-color: #fcfcfc !important;}&#8221;][vc_column_inner width=&#8221;1\/2&#8243;][vc_single_image image=&#8221;3804&#8243; img_size=&#8221;full&#8221; css_animation=&#8221;fadeInLeft&#8221; el_class=&#8221;no-link&#8221;][\/vc_column_inner][vc_column_inner width=&#8221;1\/2&#8243; css=&#8221;.vc_custom_1504689074321{padding-top: 113px !important;}&#8221;][tbay_title_heading title=&#8221;El Mejor Cordero Segoviano&#8221; align=&#8221;center&#8221; buttons=&#8221;btn-default btn-outline&#8221; buttons2=&#8221;btn-default btn-outline&#8221; el_class=&#8221;title_underlined text-center&#8221;][vc_column_text css_animation=&#8221;fadeInUp&#8221;]<\/p>\n<div class=\"about-sub\">En C\u00e1rnicas Pascual, no solo ofrecemos carne de ternera y cerdo de primera calidad, sino que tambi\u00e9n somos conocidos por tener el mejor cordero segoviano de todo Madrid. Nuestros corderos provienen de criadores locales comprometidos con la excelencia en la cr\u00eda y el cuidado de estos animales, lo que se traduce en una carne tierna y sabrosa que deleitar\u00e1 tu paladar.<\/div>\n<p>[\/vc_column_text][\/vc_column_inner][\/vc_row_inner][vc_row_inner css=&#8221;.vc_custom_1504689041779{background-color: #fcfcfc !important;}&#8221;][vc_column_inner el_class=&#8221;pull-right&#8221; width=&#8221;1\/2&#8243;][vc_single_image image=&#8221;3808&#8243; img_size=&#8221;full&#8221;][\/vc_column_inner][vc_column_inner width=&#8221;1\/2&#8243; css=&#8221;.vc_custom_1504689074321{padding-top: 113px !important;}&#8221;][tbay_title_heading title=&#8221;La mejor ternera de Avila&#8221; align=&#8221;center&#8221; buttons=&#8221;btn-default btn-outline&#8221; buttons2=&#8221;btn-default btn-outline&#8221; el_class=&#8221;title_underlined text-center&#8221;][vc_column_text css_animation=&#8221;fadeInUp&#8221;]<\/p>\n<div class=\"about-sub\">\n<div class=\"flex-1 overflow-hidden\">\n<div class=\"react-scroll-to-bottom--css-fksdv-79elbk h-full dark:bg-gray-800\">\n<div class=\"react-scroll-to-bottom--css-fksdv-1n7m0yu\">\n<div class=\"flex flex-col text-sm dark:bg-gray-800\">\n<div class=\"group w-full text-token-text-primary border-b border-black\/10 gizmo:border-0 dark:border-gray-900\/50 gizmo:dark:border-0 bg-gray-50 gizmo:bg-transparent dark:bg-[#444654] gizmo:dark:bg-transparent\" data-testid=\"conversation-turn-3\">\n<div class=\"p-4 justify-center text-base md:gap-6 md:py-6 m-auto\">\n<div class=\"flex flex-1 gap-4 text-base mx-auto md:gap-6 gizmo:gap-3 gizmo:md:px-5 gizmo:lg:px-1 gizmo:xl:px-5 md:max-w-2xl lg:max-w-[38rem] gizmo:md:max-w-3xl gizmo:lg:max-w-[40rem] gizmo:xl:max-w-[48rem] xl:max-w-3xl }\">\n<div class=\"relative flex w-[calc(100%-50px)] flex-col gap-1 gizmo:w-full md:gap-3 lg:w-[calc(100%-115px)] agent-turn\">\n<div class=\"flex flex-grow flex-col gap-3 max-w-full\">\n<div class=\"min-h-[20px] flex flex-col items-start gap-3 whitespace-pre-wrap break-words overflow-x-auto\">\n<div class=\"markdown prose w-full break-words dark:prose-invert light\">\n<p>Nuestra b\u00fasqueda de la excelencia nos lleva a seleccionar cuidadosamente<strong> la mejor ternera de \u00c1vila<\/strong> para nuestros clientes exigentes. La ternera de \u00c1vila es conocida por su sabor inigualable y su terneza, y en Carnicer\u00eda Pascual, nos enorgullece ofrecerla en nuestros mostradores, lista para que la disfrutes en tu mesa.<\/p>\n<\/div>\n<\/div>\n<\/div>\n<\/div>\n<\/div>\n<\/div>\n<\/div>\n<\/div>\n<\/div>\n<\/div>\n<\/div>\n<\/div>\n<p>[\/vc_column_text][\/vc_column_inner][\/vc_row_inner][vc_empty_space height=&#8221;50px&#8221;][vc_column_text css_animation=&#8221;fadeInUp&#8221;]En C\u00e1rnicas Pascual, <strong>la calidad es nuestra prioridad y nuestro compromiso<\/strong> con nuestros clientes es fundamental. Ven a visitarnos en San Sebasti\u00e1n de los Reyes y descubre por qu\u00e9 somos la elecci\u00f3n preferida de aquellos que buscan la mejor carne en la regi\u00f3n. Tu satisfacci\u00f3n es nuestra garant\u00eda y estamos listos para brindarte una experiencia de carnicer\u00eda excepcional en cada visita.[\/vc_column_text][\/vc_column][\/vc_row][vc_row][vc_column][vc_empty_space height=&#8221;50px&#8221;][\/vc_column][\/vc_row]<\/p>\n<\/div>","protected":false},"excerpt":{"rendered":"<p>[vc_row el_class=&#8221;text-center&#8221;][vc_column][tbay_title_heading title=&#8221;C\u00e1rnicas Pascual e Hijos S. L.&#8221; descript=&#8221;Mejor calidad y mejor trato.&#8221; style=&#8221;style2&#8243; align=&#8221;center&#8221; buttons=&#8221;btn-default btn-outline&#8221; buttons2=&#8221;btn-default btn-outline&#8221; el_class=&#8221;title_underlined text-center&#8221;][vc_column_text css_animation=&#8221;fadeInUp&#8221;]En C\u00e1rnicas Pascual, nuestra pasi\u00f3n por la carne y el compromiso con la calidad se han transmitido de generaci\u00f3n en generaci\u00f3n. Dedicados en San Sebasti\u00e1n de los Reyes desde 1982. Somos la carnicer\u00eda de &hellip; <a href=\"https:\/\/carnicaspascual.com\/?page_id=3777\" class=\"more-link\">Continue reading <span class=\"screen-reader-text\">Carnicer\u00eda de calidad en San Sebasti\u00e1n de los Reyes<\/span><\/a><\/p>\n","protected":false},"author":1,"featured_media":3765,"parent":0,"menu_order":0,"comment_status":"closed","ping_status":"closed","template":"","meta":{"footnotes":""},"class_list":["post-3777","page","type-page","status-publish","has-post-thumbnail","hentry"],"yoast_head":"<!-- This site is optimized with the Yoast SEO plugin v27.5 - https:\/\/yoast.com\/product\/yoast-seo-wordpress\/ -->\n<title>Carnicer\u00eda de calidad en San Sebasti\u00e1n de los Reyes - C\u00e1rnicas Pascual<\/title>\n<meta name=\"description\" content=\"Carnicer\u00eda de calidad en San Sebasti\u00e1n de los Reyes. \u260e 60615 69 70.\u2705 Servimos a todo tipo de empresas e instituciones. \u2705Colegios, \u2705Escuelas, \u2705Colectividades\" \/>\n<meta name=\"robots\" content=\"index, follow, max-snippet:-1, max-image-preview:large, max-video-preview:-1\" \/>\n<link rel=\"canonical\" href=\"https:\/\/carnicaspascual.com\/?page_id=3777\" \/>\n<meta property=\"og:locale\" content=\"es_ES\" \/>\n<meta property=\"og:type\" content=\"article\" \/>\n<meta property=\"og:title\" content=\"Carnicer\u00eda de calidad en San Sebasti\u00e1n de los Reyes - C\u00e1rnicas Pascual\" \/>\n<meta property=\"og:description\" content=\"Carnicer\u00eda de calidad en San Sebasti\u00e1n de los Reyes. \u260e 60615 69 70.\u2705 Servimos a todo tipo de empresas e instituciones. \u2705Colegios, \u2705Escuelas, \u2705Colectividades\" \/>\n<meta property=\"og:url\" content=\"https:\/\/carnicaspascual.com\/?page_id=3777\" \/>\n<meta property=\"og:site_name\" content=\"C\u00e1rnicas Pascual\" \/>\n<meta property=\"article:modified_time\" content=\"2023-10-11T05:48:22+00:00\" \/>\n<meta property=\"og:image\" content=\"https:\/\/carnicaspascual.com\/wp-content\/uploads\/2023\/10\/Slider-Carnicas-Pascual.jpg\" \/>\n\t<meta property=\"og:image:width\" content=\"870\" \/>\n\t<meta property=\"og:image:height\" content=\"500\" \/>\n\t<meta property=\"og:image:type\" content=\"image\/jpeg\" \/>\n<meta name=\"twitter:card\" content=\"summary_large_image\" \/>\n<meta name=\"twitter:label1\" content=\"Tiempo de lectura\" \/>\n\t<meta name=\"twitter:data1\" content=\"3 minutos\" \/>\n<script type=\"application\/ld+json\" class=\"yoast-schema-graph\">{\"@context\":\"https:\\\/\\\/schema.org\",\"@graph\":[{\"@type\":\"WebPage\",\"@id\":\"https:\\\/\\\/carnicaspascual.com\\\/?page_id=3777\",\"url\":\"https:\\\/\\\/carnicaspascual.com\\\/?page_id=3777\",\"name\":\"Carnicer\u00eda de calidad en San Sebasti\u00e1n de los Reyes - C\u00e1rnicas Pascual\",\"isPartOf\":{\"@id\":\"https:\\\/\\\/carnicaspascual.com\\\/#website\"},\"primaryImageOfPage\":{\"@id\":\"https:\\\/\\\/carnicaspascual.com\\\/?page_id=3777#primaryimage\"},\"image\":{\"@id\":\"https:\\\/\\\/carnicaspascual.com\\\/?page_id=3777#primaryimage\"},\"thumbnailUrl\":\"https:\\\/\\\/carnicaspascual.com\\\/wp-content\\\/uploads\\\/2023\\\/10\\\/Slider-Carnicas-Pascual.jpg\",\"datePublished\":\"2023-10-10T08:14:45+00:00\",\"dateModified\":\"2023-10-11T05:48:22+00:00\",\"description\":\"Carnicer\u00eda de calidad en San Sebasti\u00e1n de los Reyes. \u260e 60615 69 70.\u2705 Servimos a todo tipo de empresas e instituciones. \u2705Colegios, \u2705Escuelas, \u2705Colectividades\",\"breadcrumb\":{\"@id\":\"https:\\\/\\\/carnicaspascual.com\\\/?page_id=3777#breadcrumb\"},\"inLanguage\":\"es\",\"potentialAction\":[{\"@type\":\"ReadAction\",\"target\":[\"https:\\\/\\\/carnicaspascual.com\\\/?page_id=3777\"]}]},{\"@type\":\"ImageObject\",\"inLanguage\":\"es\",\"@id\":\"https:\\\/\\\/carnicaspascual.com\\\/?page_id=3777#primaryimage\",\"url\":\"https:\\\/\\\/carnicaspascual.com\\\/wp-content\\\/uploads\\\/2023\\\/10\\\/Slider-Carnicas-Pascual.jpg\",\"contentUrl\":\"https:\\\/\\\/carnicaspascual.com\\\/wp-content\\\/uploads\\\/2023\\\/10\\\/Slider-Carnicas-Pascual.jpg\",\"width\":870,\"height\":500,\"caption\":\"Carnicer\u00eda de calidad en San Sebasti\u00e1n de los Reyes\"},{\"@type\":\"BreadcrumbList\",\"@id\":\"https:\\\/\\\/carnicaspascual.com\\\/?page_id=3777#breadcrumb\",\"itemListElement\":[{\"@type\":\"ListItem\",\"position\":1,\"name\":\"Portada\",\"item\":\"https:\\\/\\\/carnicaspascual.com\\\/\"},{\"@type\":\"ListItem\",\"position\":2,\"name\":\"Carnicer\u00eda de calidad en San Sebasti\u00e1n de los Reyes\"}]},{\"@type\":\"WebSite\",\"@id\":\"https:\\\/\\\/carnicaspascual.com\\\/#website\",\"url\":\"https:\\\/\\\/carnicaspascual.com\\\/\",\"name\":\"C\u00e1rnicas Pascual\",\"description\":\"Carnicer\u00eda en San Sebasti\u00e1n de los Reyes y Alcobendas | Env\u00edo a domicilio |  91 651 58 52 | Tienda Online\",\"potentialAction\":[{\"@type\":\"SearchAction\",\"target\":{\"@type\":\"EntryPoint\",\"urlTemplate\":\"https:\\\/\\\/carnicaspascual.com\\\/?s={search_term_string}\"},\"query-input\":{\"@type\":\"PropertyValueSpecification\",\"valueRequired\":true,\"valueName\":\"search_term_string\"}}],\"inLanguage\":\"es\"}]}<\/script>\n<!-- \/ Yoast SEO plugin. -->","yoast_head_json":{"title":"Carnicer\u00eda de calidad en San Sebasti\u00e1n de los Reyes - C\u00e1rnicas Pascual","description":"Carnicer\u00eda de calidad en San Sebasti\u00e1n de los Reyes. \u260e 60615 69 70.\u2705 Servimos a todo tipo de empresas e instituciones. \u2705Colegios, \u2705Escuelas, \u2705Colectividades","robots":{"index":"index","follow":"follow","max-snippet":"max-snippet:-1","max-image-preview":"max-image-preview:large","max-video-preview":"max-video-preview:-1"},"canonical":"https:\/\/carnicaspascual.com\/?page_id=3777","og_locale":"es_ES","og_type":"article","og_title":"Carnicer\u00eda de calidad en San Sebasti\u00e1n de los Reyes - C\u00e1rnicas Pascual","og_description":"Carnicer\u00eda de calidad en San Sebasti\u00e1n de los Reyes. \u260e 60615 69 70.\u2705 Servimos a todo tipo de empresas e instituciones. \u2705Colegios, \u2705Escuelas, \u2705Colectividades","og_url":"https:\/\/carnicaspascual.com\/?page_id=3777","og_site_name":"C\u00e1rnicas Pascual","article_modified_time":"2023-10-11T05:48:22+00:00","og_image":[{"width":870,"height":500,"url":"https:\/\/carnicaspascual.com\/wp-content\/uploads\/2023\/10\/Slider-Carnicas-Pascual.jpg","type":"image\/jpeg"}],"twitter_card":"summary_large_image","twitter_misc":{"Tiempo de lectura":"3 minutos"},"schema":{"@context":"https:\/\/schema.org","@graph":[{"@type":"WebPage","@id":"https:\/\/carnicaspascual.com\/?page_id=3777","url":"https:\/\/carnicaspascual.com\/?page_id=3777","name":"Carnicer\u00eda de calidad en San Sebasti\u00e1n de los Reyes - C\u00e1rnicas Pascual","isPartOf":{"@id":"https:\/\/carnicaspascual.com\/#website"},"primaryImageOfPage":{"@id":"https:\/\/carnicaspascual.com\/?page_id=3777#primaryimage"},"image":{"@id":"https:\/\/carnicaspascual.com\/?page_id=3777#primaryimage"},"thumbnailUrl":"https:\/\/carnicaspascual.com\/wp-content\/uploads\/2023\/10\/Slider-Carnicas-Pascual.jpg","datePublished":"2023-10-10T08:14:45+00:00","dateModified":"2023-10-11T05:48:22+00:00","description":"Carnicer\u00eda de calidad en San Sebasti\u00e1n de los Reyes. \u260e 60615 69 70.\u2705 Servimos a todo tipo de empresas e instituciones. \u2705Colegios, \u2705Escuelas, \u2705Colectividades","breadcrumb":{"@id":"https:\/\/carnicaspascual.com\/?page_id=3777#breadcrumb"},"inLanguage":"es","potentialAction":[{"@type":"ReadAction","target":["https:\/\/carnicaspascual.com\/?page_id=3777"]}]},{"@type":"ImageObject","inLanguage":"es","@id":"https:\/\/carnicaspascual.com\/?page_id=3777#primaryimage","url":"https:\/\/carnicaspascual.com\/wp-content\/uploads\/2023\/10\/Slider-Carnicas-Pascual.jpg","contentUrl":"https:\/\/carnicaspascual.com\/wp-content\/uploads\/2023\/10\/Slider-Carnicas-Pascual.jpg","width":870,"height":500,"caption":"Carnicer\u00eda de calidad en San Sebasti\u00e1n de los Reyes"},{"@type":"BreadcrumbList","@id":"https:\/\/carnicaspascual.com\/?page_id=3777#breadcrumb","itemListElement":[{"@type":"ListItem","position":1,"name":"Portada","item":"https:\/\/carnicaspascual.com\/"},{"@type":"ListItem","position":2,"name":"Carnicer\u00eda de calidad en San Sebasti\u00e1n de los Reyes"}]},{"@type":"WebSite","@id":"https:\/\/carnicaspascual.com\/#website","url":"https:\/\/carnicaspascual.com\/","name":"C\u00e1rnicas Pascual","description":"Carnicer\u00eda en San Sebasti\u00e1n de los Reyes y Alcobendas | Env\u00edo a domicilio |  91 651 58 52 | Tienda Online","potentialAction":[{"@type":"SearchAction","target":{"@type":"EntryPoint","urlTemplate":"https:\/\/carnicaspascual.com\/?s={search_term_string}"},"query-input":{"@type":"PropertyValueSpecification","valueRequired":true,"valueName":"search_term_string"}}],"inLanguage":"es"}]}},"_links":{"self":[{"href":"https:\/\/carnicaspascual.com\/index.php?rest_route=\/wp\/v2\/pages\/3777","targetHints":{"allow":["GET"]}}],"collection":[{"href":"https:\/\/carnicaspascual.com\/index.php?rest_route=\/wp\/v2\/pages"}],"about":[{"href":"https:\/\/carnicaspascual.com\/index.php?rest_route=\/wp\/v2\/types\/page"}],"author":[{"embeddable":true,"href":"https:\/\/carnicaspascual.com\/index.php?rest_route=\/wp\/v2\/users\/1"}],"replies":[{"embeddable":true,"href":"https:\/\/carnicaspascual.com\/index.php?rest_route=%2Fwp%2Fv2%2Fcomments&post=3777"}],"version-history":[{"count":34,"href":"https:\/\/carnicaspascual.com\/index.php?rest_route=\/wp\/v2\/pages\/3777\/revisions"}],"predecessor-version":[{"id":3818,"href":"https:\/\/carnicaspascual.com\/index.php?rest_route=\/wp\/v2\/pages\/3777\/revisions\/3818"}],"wp:featuredmedia":[{"embeddable":true,"href":"https:\/\/carnicaspascual.com\/index.php?rest_route=\/wp\/v2\/media\/3765"}],"wp:attachment":[{"href":"https:\/\/carnicaspascual.com\/index.php?rest_route=%2Fwp%2Fv2%2Fmedia&parent=3777"}],"curies":[{"name":"wp","href":"https:\/\/api.w.org\/{rel}","templated":true}]}}