{"id":557,"date":"2016-06-16T01:27:04","date_gmt":"2016-06-16T01:27:04","guid":{"rendered":"https:\/\/demo.thembay.com\/greenmart2\/?page_id=557"},"modified":"2020-12-16T13:32:42","modified_gmt":"2020-12-16T12:32:42","slug":"contacto","status":"publish","type":"page","link":"https:\/\/carnicaspascual.com\/?page_id=557","title":{"rendered":"Contacto"},"content":{"rendered":"<div class=\"wpb-content-wrapper\"><p>[vc_row css=&#8221;.vc_custom_1505121517669{margin-top: 50px !important;margin-bottom: -50px !important;}&#8221;][vc_column width=&#8221;1\/2&#8243;][vc_column_text]<\/p>\n<div class=\"contact-form-content widget\">\n<h3 class=\"widgettitle\">Visita Nuestra Tienda<\/h3>\n<p>Disponemos de una gran variedad de productos de Alta Calidad.<\/p>\n<div class=\"border-two\"><\/div>\n<ul class=\"contactinfos list-unstyled\">\n<li><span class=\"contact-span\"><i class=\"fa fa-map-marker\"><\/i>Avd. de la Independencia 15 Local. 28701<\/span><\/li>\n<li>San Sebasti\u00e1n de los Reyes (Madrid)<\/li>\n<li>91 651 58 52<\/li>\n<li>606 15 69 70<\/li>\n<li><\/li>\n<\/ul>\n<\/div>\n<p>[\/vc_column_text][vc_column_text]<\/p>\n<div class=\"contact-opening widget\">\n<h3 class=\"widgettitle\">Horario de la Tienda.<\/h3>\n<p>Lunes \u2013 Viernes: ma\u00f1anas de 09:00 \u2013 14:00 tardes de 17:00 &#8211; 20:00<br \/>\nS\u00e1bado: 09:00\u00a0 \u2013 14:00<\/p>\n<\/div>\n<p>[\/vc_column_text][\/vc_column][vc_column width=&#8221;1\/2&#8243;][vc_column_text]<\/p>\n<div class=\"widget\">\n<h3 class=\"widgettitle\">Formulario de Contacto<\/h3>\n<p>Atendemos todas vuestras peticiones desde este buz\u00f3n. Utilizalo.<\/p>\n<div class=\"border-two\"><\/div>\n<\/div>\n<p>[\/vc_column_text]\n<div class=\"wpcf7 no-js\" id=\"wpcf7-f559-o1\" lang=\"en-US\" dir=\"ltr\" data-wpcf7-id=\"559\">\n<div class=\"screen-reader-response\"><p role=\"status\" aria-live=\"polite\" aria-atomic=\"true\"><\/p> <ul><\/ul><\/div>\n<form action=\"\/index.php?rest_route=%2Fwp%2Fv2%2Fpages%2F557#wpcf7-f559-o1\" method=\"post\" class=\"wpcf7-form init\" aria-label=\"Contact form\" novalidate=\"novalidate\" data-status=\"init\">\n<fieldset class=\"hidden-fields-container\"><input type=\"hidden\" name=\"_wpcf7\" value=\"559\" \/><input type=\"hidden\" name=\"_wpcf7_version\" value=\"6.1.5\" \/><input type=\"hidden\" name=\"_wpcf7_locale\" value=\"en_US\" \/><input type=\"hidden\" name=\"_wpcf7_unit_tag\" value=\"wpcf7-f559-o1\" \/><input type=\"hidden\" name=\"_wpcf7_container_post\" value=\"0\" \/><input type=\"hidden\" name=\"_wpcf7_posted_data_hash\" value=\"\" \/><input type=\"hidden\" name=\"_wpcf7_recaptcha_response\" value=\"\" \/>\n<\/fieldset>\n<p><span class=\"fa fa-user\"><\/span><span class=\"wpcf7-form-control-wrap\" data-name=\"your-name\"><input size=\"40\" maxlength=\"400\" class=\"wpcf7-form-control wpcf7-text wpcf7-validates-as-required\" aria-required=\"true\" aria-invalid=\"false\" placeholder=\"Nombre\" value=\"\" type=\"text\" name=\"your-name\" \/><\/span>\n<\/p>\n<p><span class=\"fa fa-envelope\"><\/span><span class=\"wpcf7-form-control-wrap\" data-name=\"your-email\"><input size=\"40\" maxlength=\"400\" class=\"wpcf7-form-control wpcf7-email wpcf7-validates-as-required wpcf7-text wpcf7-validates-as-email\" aria-required=\"true\" aria-invalid=\"false\" placeholder=\"Correo\" value=\"\" type=\"email\" name=\"your-email\" \/><\/span>\n<\/p>\n<p><span class=\"fa fa-phone\"><\/span><span class=\"wpcf7-form-control-wrap\" data-name=\"telefono\"><input size=\"40\" maxlength=\"400\" class=\"wpcf7-form-control wpcf7-tel wpcf7-validates-as-required wpcf7-text wpcf7-validates-as-tel\" aria-required=\"true\" aria-invalid=\"false\" placeholder=\"Tel\u00e9fono\" value=\"\" type=\"tel\" name=\"telefono\" \/><\/span>\n<\/p>\n<p><span class=\"fa fa-pencil\"><\/span><span class=\"wpcf7-form-control-wrap\" data-name=\"your-message\"><textarea cols=\"40\" rows=\"10\" maxlength=\"2000\" class=\"wpcf7-form-control wpcf7-textarea\" aria-invalid=\"false\" placeholder=\"Mensaje\" name=\"your-message\"><\/textarea><\/span>\n<\/p>\n<p><span class=\"wpcf7-form-control-wrap\" data-name=\"acceptance-928\"><span class=\"wpcf7-form-control wpcf7-acceptance\"><span class=\"wpcf7-list-item\"><label><input type=\"checkbox\" name=\"acceptance-928\" value=\"1\" id=\"rgpd\" aria-invalid=\"false\" \/><span class=\"wpcf7-list-item-label\">RGPD: He leido y acepto la <a href=\".\/politica-de-privacidad\/\"><span>pol\u00edtica de privacidad<\/span><\/label><\/span><\/span><\/span>\n<\/p>\n<p style=\"text-align:right\"><input class=\"wpcf7-form-control wpcf7-submit has-spinner\" type=\"submit\" value=\"Enviar\" \/>\n<\/p><div class=\"wpcf7-response-output\" aria-hidden=\"true\"><\/div>\n<\/form>\n<\/div>\n[vc_empty_space height=&#8221;100px&#8221;][\/vc_column][\/vc_row][vc_row full_width=&#8221;stretch_row_content&#8221; css=&#8221;.vc_custom_1505204524585{margin-bottom: -50px !important;}&#8221;][vc_column el_class=&#8221;tbay-maps&#8221;][vc_gmaps link=&#8221;#E-8_JTNDaWZyYW1lJTIwc3JjJTNEJTIyaHR0cHMlM0ElMkYlMkZ3d3cuZ29vZ2xlLmNvbSUyRm1hcHMlMkZlbWJlZCUzRnBiJTNEJTIxMW0xNCUyMTFtOCUyMTFtMyUyMTFkMTIxMjYuMjczMzQ1NTcxMTI4JTIxMmQtMy42MzU1NTElMjEzZDQwLjU1MTEyNSUyMTNtMiUyMTFpMTAyNCUyMTJpNzY4JTIxNGYxMy4xJTIxM20zJTIxMW0yJTIxMXMweDAlMjUzQTB4NTAyMjhhNmU4OTcyZDEwNCUyMTJzQyUyNUMzJTI1QTFybmljYXMlMjUyMFBhc2N1YWwlMjE1ZTAlMjEzbTIlMjExc2VzJTIxMnNlcyUyMTR2MTU4Njg1NDgxMTI4NyUyMTVtMiUyMTFzZXMlMjEyc2VzJTIyJTIwd2lkdGglM0QlMjI4MDAlMjIlMjBoZWlnaHQlM0QlMjI2MDAlMjIlMjBmcmFtZWJvcmRlciUzRCUyMjAlMjIlMjBzdHlsZSUzRCUyMmJvcmRlciUzQTAlM0IlMjIlMjBhbGxvd2Z1bGxzY3JlZW4lM0QlMjIlMjIlMjBhcmlhLWhpZGRlbiUzRCUyMmZhbHNlJTIyJTIwdGFiaW5kZXglM0QlMjIwJTIyJTNFJTNDJTJGaWZyYW1lJTNF&#8221; size=&#8221;350&#8243;][\/vc_column][\/vc_row]<\/p>\n<\/div>","protected":false},"excerpt":{"rendered":"<p>[vc_row css=&#8221;.vc_custom_1505121517669{margin-top: 50px !important;margin-bottom: -50px !important;}&#8221;][vc_column width=&#8221;1\/2&#8243;][vc_column_text] Visita Nuestra Tienda Disponemos de una gran variedad de productos de Alta Calidad. Avd. de la Independencia 15 Local. 28701 San Sebasti\u00e1n de los Reyes (Madrid) 91 651 58 52 606 15 69 70 [\/vc_column_text][vc_column_text] Horario de la Tienda. Lunes \u2013 Viernes: ma\u00f1anas de 09:00 \u2013 14:00 tardes &hellip; <a href=\"https:\/\/carnicaspascual.com\/?page_id=557\" class=\"more-link\">Continue reading <span class=\"screen-reader-text\">Contacto<\/span><\/a><\/p>\n","protected":false},"author":1,"featured_media":3453,"parent":0,"menu_order":0,"comment_status":"closed","ping_status":"closed","template":"","meta":{"footnotes":""},"class_list":["post-557","page","type-page","status-publish","has-post-thumbnail","hentry"],"yoast_head":"<!-- This site is optimized with the Yoast SEO plugin v27.5 - https:\/\/yoast.com\/product\/yoast-seo-wordpress\/ -->\n<title>Contacto C\u00e1rnicas Pascual en San Sebasti\u00e1n de los Reyes 606 15 69 70<\/title>\n<meta name=\"description\" content=\"Contacto C\u00e1rnicas Pascual. \u260e 606 15 69 70. \u2705Nuestra tienda de toda la vida en San Sebasti\u00e1n de los Reyes. Carnes selectas espa\u00f1olas. \u2705Cordero de Segovia.\" \/>\n<meta name=\"robots\" content=\"index, follow, max-snippet:-1, max-image-preview:large, max-video-preview:-1\" \/>\n<link rel=\"canonical\" href=\"https:\/\/carnicaspascual.com\/?page_id=557\" \/>\n<meta property=\"og:locale\" content=\"es_ES\" \/>\n<meta property=\"og:type\" content=\"article\" \/>\n<meta property=\"og:title\" content=\"Contacto C\u00e1rnicas Pascual en San Sebasti\u00e1n de los Reyes 606 15 69 70\" \/>\n<meta property=\"og:description\" content=\"Contacto C\u00e1rnicas Pascual. \u260e 606 15 69 70. \u2705Nuestra tienda de toda la vida en San Sebasti\u00e1n de los Reyes. Carnes selectas espa\u00f1olas. \u2705Cordero de Segovia.\" \/>\n<meta property=\"og:url\" content=\"https:\/\/carnicaspascual.com\/?page_id=557\" \/>\n<meta property=\"og:site_name\" content=\"C\u00e1rnicas Pascual\" \/>\n<meta property=\"article:modified_time\" content=\"2020-12-16T12:32:42+00:00\" \/>\n<meta property=\"og:image\" content=\"https:\/\/carnicaspascual.com\/wp-content\/uploads\/2020\/05\/Logo-C\u00e1rnicas-Pascual.jpg\" \/>\n\t<meta property=\"og:image:width\" content=\"952\" \/>\n\t<meta property=\"og:image:height\" content=\"419\" \/>\n\t<meta property=\"og:image:type\" content=\"image\/jpeg\" \/>\n<meta name=\"twitter:card\" content=\"summary_large_image\" \/>\n<meta name=\"twitter:label1\" content=\"Tiempo de lectura\" \/>\n\t<meta name=\"twitter:data1\" content=\"1 minuto\" \/>\n<script type=\"application\/ld+json\" class=\"yoast-schema-graph\">{\"@context\":\"https:\\\/\\\/schema.org\",\"@graph\":[{\"@type\":\"WebPage\",\"@id\":\"https:\\\/\\\/carnicaspascual.com\\\/?page_id=557\",\"url\":\"https:\\\/\\\/carnicaspascual.com\\\/?page_id=557\",\"name\":\"Contacto C\u00e1rnicas Pascual en San Sebasti\u00e1n de los Reyes 606 15 69 70\",\"isPartOf\":{\"@id\":\"https:\\\/\\\/carnicaspascual.com\\\/#website\"},\"primaryImageOfPage\":{\"@id\":\"https:\\\/\\\/carnicaspascual.com\\\/?page_id=557#primaryimage\"},\"image\":{\"@id\":\"https:\\\/\\\/carnicaspascual.com\\\/?page_id=557#primaryimage\"},\"thumbnailUrl\":\"https:\\\/\\\/carnicaspascual.com\\\/wp-content\\\/uploads\\\/2020\\\/05\\\/Logo-C\u00e1rnicas-Pascual.jpg\",\"datePublished\":\"2016-06-16T01:27:04+00:00\",\"dateModified\":\"2020-12-16T12:32:42+00:00\",\"description\":\"Contacto C\u00e1rnicas Pascual. \u260e 606 15 69 70. \u2705Nuestra tienda de toda la vida en San Sebasti\u00e1n de los Reyes. Carnes selectas espa\u00f1olas. \u2705Cordero de Segovia.\",\"breadcrumb\":{\"@id\":\"https:\\\/\\\/carnicaspascual.com\\\/?page_id=557#breadcrumb\"},\"inLanguage\":\"es\",\"potentialAction\":[{\"@type\":\"ReadAction\",\"target\":[\"https:\\\/\\\/carnicaspascual.com\\\/?page_id=557\"]}]},{\"@type\":\"ImageObject\",\"inLanguage\":\"es\",\"@id\":\"https:\\\/\\\/carnicaspascual.com\\\/?page_id=557#primaryimage\",\"url\":\"https:\\\/\\\/carnicaspascual.com\\\/wp-content\\\/uploads\\\/2020\\\/05\\\/Logo-C\u00e1rnicas-Pascual.jpg\",\"contentUrl\":\"https:\\\/\\\/carnicaspascual.com\\\/wp-content\\\/uploads\\\/2020\\\/05\\\/Logo-C\u00e1rnicas-Pascual.jpg\",\"width\":952,\"height\":419},{\"@type\":\"BreadcrumbList\",\"@id\":\"https:\\\/\\\/carnicaspascual.com\\\/?page_id=557#breadcrumb\",\"itemListElement\":[{\"@type\":\"ListItem\",\"position\":1,\"name\":\"Portada\",\"item\":\"https:\\\/\\\/carnicaspascual.com\\\/\"},{\"@type\":\"ListItem\",\"position\":2,\"name\":\"Contacto\"}]},{\"@type\":\"WebSite\",\"@id\":\"https:\\\/\\\/carnicaspascual.com\\\/#website\",\"url\":\"https:\\\/\\\/carnicaspascual.com\\\/\",\"name\":\"C\u00e1rnicas Pascual\",\"description\":\"Carnicer\u00eda en San Sebasti\u00e1n de los Reyes y Alcobendas | Env\u00edo a domicilio |  91 651 58 52 | Tienda Online\",\"potentialAction\":[{\"@type\":\"SearchAction\",\"target\":{\"@type\":\"EntryPoint\",\"urlTemplate\":\"https:\\\/\\\/carnicaspascual.com\\\/?s={search_term_string}\"},\"query-input\":{\"@type\":\"PropertyValueSpecification\",\"valueRequired\":true,\"valueName\":\"search_term_string\"}}],\"inLanguage\":\"es\"}]}<\/script>\n<!-- \/ Yoast SEO plugin. -->","yoast_head_json":{"title":"Contacto C\u00e1rnicas Pascual en San Sebasti\u00e1n de los Reyes 606 15 69 70","description":"Contacto C\u00e1rnicas Pascual. \u260e 606 15 69 70. \u2705Nuestra tienda de toda la vida en San Sebasti\u00e1n de los Reyes. Carnes selectas espa\u00f1olas. \u2705Cordero de Segovia.","robots":{"index":"index","follow":"follow","max-snippet":"max-snippet:-1","max-image-preview":"max-image-preview:large","max-video-preview":"max-video-preview:-1"},"canonical":"https:\/\/carnicaspascual.com\/?page_id=557","og_locale":"es_ES","og_type":"article","og_title":"Contacto C\u00e1rnicas Pascual en San Sebasti\u00e1n de los Reyes 606 15 69 70","og_description":"Contacto C\u00e1rnicas Pascual. \u260e 606 15 69 70. \u2705Nuestra tienda de toda la vida en San Sebasti\u00e1n de los Reyes. Carnes selectas espa\u00f1olas. \u2705Cordero de Segovia.","og_url":"https:\/\/carnicaspascual.com\/?page_id=557","og_site_name":"C\u00e1rnicas Pascual","article_modified_time":"2020-12-16T12:32:42+00:00","og_image":[{"width":952,"height":419,"url":"https:\/\/carnicaspascual.com\/wp-content\/uploads\/2020\/05\/Logo-C\u00e1rnicas-Pascual.jpg","type":"image\/jpeg"}],"twitter_card":"summary_large_image","twitter_misc":{"Tiempo de lectura":"1 minuto"},"schema":{"@context":"https:\/\/schema.org","@graph":[{"@type":"WebPage","@id":"https:\/\/carnicaspascual.com\/?page_id=557","url":"https:\/\/carnicaspascual.com\/?page_id=557","name":"Contacto C\u00e1rnicas Pascual en San Sebasti\u00e1n de los Reyes 606 15 69 70","isPartOf":{"@id":"https:\/\/carnicaspascual.com\/#website"},"primaryImageOfPage":{"@id":"https:\/\/carnicaspascual.com\/?page_id=557#primaryimage"},"image":{"@id":"https:\/\/carnicaspascual.com\/?page_id=557#primaryimage"},"thumbnailUrl":"https:\/\/carnicaspascual.com\/wp-content\/uploads\/2020\/05\/Logo-C\u00e1rnicas-Pascual.jpg","datePublished":"2016-06-16T01:27:04+00:00","dateModified":"2020-12-16T12:32:42+00:00","description":"Contacto C\u00e1rnicas Pascual. \u260e 606 15 69 70. \u2705Nuestra tienda de toda la vida en San Sebasti\u00e1n de los Reyes. Carnes selectas espa\u00f1olas. \u2705Cordero de Segovia.","breadcrumb":{"@id":"https:\/\/carnicaspascual.com\/?page_id=557#breadcrumb"},"inLanguage":"es","potentialAction":[{"@type":"ReadAction","target":["https:\/\/carnicaspascual.com\/?page_id=557"]}]},{"@type":"ImageObject","inLanguage":"es","@id":"https:\/\/carnicaspascual.com\/?page_id=557#primaryimage","url":"https:\/\/carnicaspascual.com\/wp-content\/uploads\/2020\/05\/Logo-C\u00e1rnicas-Pascual.jpg","contentUrl":"https:\/\/carnicaspascual.com\/wp-content\/uploads\/2020\/05\/Logo-C\u00e1rnicas-Pascual.jpg","width":952,"height":419},{"@type":"BreadcrumbList","@id":"https:\/\/carnicaspascual.com\/?page_id=557#breadcrumb","itemListElement":[{"@type":"ListItem","position":1,"name":"Portada","item":"https:\/\/carnicaspascual.com\/"},{"@type":"ListItem","position":2,"name":"Contacto"}]},{"@type":"WebSite","@id":"https:\/\/carnicaspascual.com\/#website","url":"https:\/\/carnicaspascual.com\/","name":"C\u00e1rnicas Pascual","description":"Carnicer\u00eda en San Sebasti\u00e1n de los Reyes y Alcobendas | Env\u00edo a domicilio |  91 651 58 52 | Tienda Online","potentialAction":[{"@type":"SearchAction","target":{"@type":"EntryPoint","urlTemplate":"https:\/\/carnicaspascual.com\/?s={search_term_string}"},"query-input":{"@type":"PropertyValueSpecification","valueRequired":true,"valueName":"search_term_string"}}],"inLanguage":"es"}]}},"_links":{"self":[{"href":"https:\/\/carnicaspascual.com\/index.php?rest_route=\/wp\/v2\/pages\/557","targetHints":{"allow":["GET"]}}],"collection":[{"href":"https:\/\/carnicaspascual.com\/index.php?rest_route=\/wp\/v2\/pages"}],"about":[{"href":"https:\/\/carnicaspascual.com\/index.php?rest_route=\/wp\/v2\/types\/page"}],"author":[{"embeddable":true,"href":"https:\/\/carnicaspascual.com\/index.php?rest_route=\/wp\/v2\/users\/1"}],"replies":[{"embeddable":true,"href":"https:\/\/carnicaspascual.com\/index.php?rest_route=%2Fwp%2Fv2%2Fcomments&post=557"}],"version-history":[{"count":6,"href":"https:\/\/carnicaspascual.com\/index.php?rest_route=\/wp\/v2\/pages\/557\/revisions"}],"predecessor-version":[{"id":3561,"href":"https:\/\/carnicaspascual.com\/index.php?rest_route=\/wp\/v2\/pages\/557\/revisions\/3561"}],"wp:featuredmedia":[{"embeddable":true,"href":"https:\/\/carnicaspascual.com\/index.php?rest_route=\/wp\/v2\/media\/3453"}],"wp:attachment":[{"href":"https:\/\/carnicaspascual.com\/index.php?rest_route=%2Fwp%2Fv2%2Fmedia&parent=557"}],"curies":[{"name":"wp","href":"https:\/\/api.w.org\/{rel}","templated":true}]}}