{"id":888,"date":"2017-08-11T03:24:58","date_gmt":"2017-08-11T03:24:58","guid":{"rendered":"https:\/\/demo.thembay.com\/greenmart2\/?page_id=888"},"modified":"2023-11-21T18:30:53","modified_gmt":"2023-11-21T17:30:53","slug":"home-4","status":"publish","type":"page","link":"https:\/\/carnicaspascual.com\/","title":{"rendered":"Inicio"},"content":{"rendered":"<div class=\"wpb-content-wrapper\"><p>[vc_row isfullwidth=&#8221;0&#8243; css=&#8221;.vc_custom_1513156492833{margin-top: 20px !important;}&#8221;][vc_column width=&#8221;1\/4&#8243; el_class=&#8221;cat-home-4&#8243; offset=&#8221;vc_col-md-3 vc_hidden-xs&#8221;][tbay_custom_menu title=&#8221;Todas la Categor\u00edas&#8221; nav_menu=&#8221;menu-categorias&#8221; select_menu=&#8221;tbay-vertical&#8221; ac_treeview=&#8221;no&#8221; el_class=&#8221;categorymenu&#8221;][\/vc_column][vc_column width=&#8221;3\/4&#8243; el_class=&#8221;no-pd-right&#8221;][vc_single_image image=&#8221;3765&#8243; img_size=&#8221;full&#8221; alignment=&#8221;center&#8221;][vc_btn title=&#8221;Quienes Somos&#8221; color=&#8221;inverse&#8221; align=&#8221;center&#8221; i_align=&#8221;right&#8221; i_icon_fontawesome=&#8221;far fa-arrow-alt-circle-right&#8221; add_icon=&#8221;true&#8221; css=&#8221;.vc_custom_1696932533515{border-top-width: 2px !important;border-right-width: 2px !important;border-bottom-width: 2px !important;border-left-width: 2px !important;border-left-color: #dd3333 !important;border-right-color: #dd3333 !important;border-top-color: #dd3333 !important;border-bottom-color: #dd3333 !important;}&#8221; link=&#8221;url:https%3A%2F%2Fcarnicaspascual.com%2Fcarniceria-de-calidad-en-san-sebastian-de-los-reyes%2F|title:Carnicer%C3%ADa%20de%20calidad%20en%20San%20Sebasti%C3%A1n%20de%20los%20Reyes&#8221;][\/vc_column][\/vc_row][vc_row css=&#8221;.vc_custom_1513156652492{margin-top: 10px !important;margin-bottom: 30px !important;}&#8221;][vc_column css_animation=&#8221;none&#8221;][tbay_features items=&#8221;%5B%7B%22title%22%3A%22Entrega%2024%20horas%22%2C%22description%22%3A%22Env%C3%ADos%20en%20San%20Sebasti%C3%A1n%20de%20los%20Reyes%20y%20Alcobendas%22%2C%22icon%22%3A%22icofont%20icofont-truck-loaded%22%7D%2C%7B%22title%22%3A%22Ahorra%20en%20tus%20compras%22%2C%22description%22%3A%22Beneficiate%20de%20nuestros%20descuentos%20Online%22%2C%22icon%22%3A%22icofont%20icofont-money%22%7D%2C%7B%22title%22%3A%22Garant%C3%ADa%20100%25%22%2C%22description%22%3A%22M%C3%A1s%20de%2070%20a%C3%B1os%20nos%20avalan%20%22%2C%22icon%22%3A%22icofont%20icofont-sale-discount%22%7D%5D&#8221; style=&#8221;style1&#8243;][\/vc_column][\/vc_row][vc_row full_width=&#8221;stretch_row&#8221; css=&#8221;.vc_custom_1505987729772{padding-top: 30px !important;padding-bottom: 35px !important;background-color: #fafafa !important;}&#8221;][vc_column css_animation=&#8221;none&#8221;][tbay_title_heading title=&#8221;&#8221; descript=&#8221;Nuestros Productos&#8221; align=&#8221;center&#8221; buttons=&#8221;btn-default btn-outline&#8221; buttons2=&#8221;btn-default btn-outline&#8221;][tbay_categoriestabs categoriestabs=&#8221;%5B%7B%22category%22%3A%2229%22%7D%2C%7B%22category%22%3A%2227%22%7D%2C%7B%22category%22%3A%2232%22%7D%2C%7B%22category%22%3A%2233%22%7D%2C%7B%22category%22%3A%2248%22%7D%2C%7B%22category%22%3A%2215%22%7D%5D&#8221; type=&#8221;recent_product&#8221; number=&#8221;16&#8243; align=&#8221;center&#8221; rows=&#8221;2&#8243; nav_type=&#8221;yes&#8221; pagi_type=&#8221;yes&#8221; disable_mobile=&#8221;&#8221; responsive_type=&#8221;yes&#8221; screen_tablet=&#8221;2&#8243;][\/vc_column][\/vc_row][vc_row css=&#8221;.vc_custom_1513156829505{margin-top: 30px !important;}&#8221;][vc_column css_animation=&#8221;none&#8221; width=&#8221;1\/2&#8243; offset=&#8221;vc_hidden-xs&#8221;][vc_single_image image=&#8221;3227&#8243; img_size=&#8221;full&#8221; alignment=&#8221;center&#8221; onclick=&#8221;custom_link&#8221; link=&#8221;https:\/\/carnicaspascual.com\/product-category\/lootes\/&#8221;][\/vc_column][vc_column css_animation=&#8221;none&#8221; width=&#8221;1\/2&#8243; offset=&#8221;vc_hidden-xs&#8221;][vc_single_image image=&#8221;3226&#8243; img_size=&#8221;full&#8221; alignment=&#8221;center&#8221; onclick=&#8221;custom_link&#8221; link=&#8221;https:\/\/carnicaspascual.com\/product-category\/lootes\/&#8221;][\/vc_column][\/vc_row][vc_row css=&#8221;.vc_custom_1513156855133{margin-top: 20px !important;margin-bottom: 30px !important;}&#8221;][vc_column css_animation=&#8221;none&#8221; width=&#8221;1\/3&#8243; el_class=&#8221;sidebar-home-4&#8243; offset=&#8221;vc_col-lg-3 vc_col-md-4&#8243;][tbay_title_heading title=&#8221;Los M\u00e1s&#8221; descript=&#8221;Vendidos&#8221; align=&#8221;left&#8221; buttons=&#8221;btn-default btn-outline&#8221; buttons2=&#8221;btn-default btn-outline&#8221;][tbay_products columns=&#8221;1&#8243; number=&#8221;2&#8243; layout_type=&#8221;carousel-special&#8221; align=&#8221;left&#8221; rows=&#8221;3&#8243; nav_type=&#8221;yes&#8221; pagi_type=&#8221;yes&#8221; responsive_type=&#8221;yes&#8221; screen_desktop=&#8221;1&#8243; screen_desktopsmall=&#8221;1&#8243; screen_tablet=&#8221;2&#8243;][\/vc_column][vc_column css_animation=&#8221;none&#8221; width=&#8221;2\/3&#8243; offset=&#8221;vc_col-lg-9 vc_col-md-8&#8243;][tbay_title_heading title=&#8221;Productos&#8221; descript=&#8221;Destacados&#8221; align=&#8221;left&#8221; buttons=&#8221;btn-default btn-outline&#8221; buttons2=&#8221;btn-default btn-outline&#8221;][tbay_products categories=&#8221;cerdo, ternera, polleria, elaborados-hamburguesas, lotes, cordero-y-cochinillo&#8221; type=&#8221;featured_product&#8221; columns=&#8221;3&#8243; number=&#8221;8&#8243; layout_type=&#8221;carousel&#8221; align=&#8221;left&#8221; rows=&#8221;2&#8243; nav_type=&#8221;yes&#8221; responsive_type=&#8221;yes&#8221; screen_desktop=&#8221;3&#8243; screen_desktopsmall=&#8221;2&#8243; screen_tablet=&#8221;2&#8243;][vc_row_inner][vc_column_inner width=&#8221;1\/2&#8243; offset=&#8221;vc_hidden-xs&#8221;][vc_single_image image=&#8221;2820&#8243; img_size=&#8221;full&#8221; onclick=&#8221;custom_link&#8221; link=&#8221;https:\/\/carnicaspascual.com\/shop\/&#8221;][\/vc_column_inner][vc_column_inner width=&#8221;1\/2&#8243; offset=&#8221;vc_hidden-xs&#8221;][vc_single_image image=&#8221;2819&#8243; img_size=&#8221;full&#8221; onclick=&#8221;custom_link&#8221; link=&#8221;https:\/\/carnicaspascual.com\/shop\/&#8221;][\/vc_column_inner][\/vc_row_inner][\/vc_column][\/vc_row]<\/p>\n<\/div>","protected":false},"excerpt":{"rendered":"<p>[vc_row isfullwidth=&#8221;0&#8243; css=&#8221;.vc_custom_1513156492833{margin-top: 20px !important;}&#8221;][vc_column width=&#8221;1\/4&#8243; el_class=&#8221;cat-home-4&#8243; offset=&#8221;vc_col-md-3 vc_hidden-xs&#8221;][tbay_custom_menu title=&#8221;Todas la Categor\u00edas&#8221; nav_menu=&#8221;menu-categorias&#8221; select_menu=&#8221;tbay-vertical&#8221; ac_treeview=&#8221;no&#8221; el_class=&#8221;categorymenu&#8221;][\/vc_column][vc_column width=&#8221;3\/4&#8243; el_class=&#8221;no-pd-right&#8221;][vc_single_image image=&#8221;3765&#8243; img_size=&#8221;full&#8221; alignment=&#8221;center&#8221;][vc_btn title=&#8221;Quienes Somos&#8221; color=&#8221;inverse&#8221; align=&#8221;center&#8221; i_align=&#8221;right&#8221; i_icon_fontawesome=&#8221;far fa-arrow-alt-circle-right&#8221; add_icon=&#8221;true&#8221; css=&#8221;.vc_custom_1696932533515{border-top-width: 2px !important;border-right-width: 2px !important;border-bottom-width: 2px !important;border-left-width: 2px !important;border-left-color: #dd3333 !important;border-right-color: #dd3333 !important;border-top-color: #dd3333 !important;border-bottom-color: #dd3333 !important;}&#8221; link=&#8221;url:https%3A%2F%2Fcarnicaspascual.com%2Fcarniceria-de-calidad-en-san-sebastian-de-los-reyes%2F|title:Carnicer%C3%ADa%20de%20calidad%20en%20San%20Sebasti%C3%A1n%20de%20los%20Reyes&#8221;][\/vc_column][\/vc_row][vc_row css=&#8221;.vc_custom_1513156652492{margin-top: 10px !important;margin-bottom: 30px !important;}&#8221;][vc_column css_animation=&#8221;none&#8221;][tbay_features items=&#8221;%5B%7B%22title%22%3A%22Entrega%2024%20horas%22%2C%22description%22%3A%22Env%C3%ADos%20en%20San%20Sebasti%C3%A1n%20de%20los%20Reyes%20y%20Alcobendas%22%2C%22icon%22%3A%22icofont%20icofont-truck-loaded%22%7D%2C%7B%22title%22%3A%22Ahorra%20en%20tus%20compras%22%2C%22description%22%3A%22Beneficiate%20de%20nuestros%20descuentos%20Online%22%2C%22icon%22%3A%22icofont%20icofont-money%22%7D%2C%7B%22title%22%3A%22Garant%C3%ADa%20100%25%22%2C%22description%22%3A%22M%C3%A1s%20de%2070%20a%C3%B1os%20nos%20avalan%20%22%2C%22icon%22%3A%22icofont%20icofont-sale-discount%22%7D%5D&#8221; style=&#8221;style1&#8243;][\/vc_column][\/vc_row][vc_row &hellip; <a href=\"https:\/\/carnicaspascual.com\/\" class=\"more-link\">Continue reading <span class=\"screen-reader-text\">Inicio<\/span><\/a><\/p>\n","protected":false},"author":1,"featured_media":3453,"parent":0,"menu_order":0,"comment_status":"closed","ping_status":"closed","template":"","meta":{"footnotes":""},"class_list":["post-888","page","type-page","status-publish","has-post-thumbnail","hentry"],"yoast_head":"<!-- This site is optimized with the Yoast SEO plugin v27.5 - https:\/\/yoast.com\/product\/yoast-seo-wordpress\/ -->\n<title>Carnicer\u00eda en San Sebasti\u00e1n de los Reyes | C\u00e1rnicas Pascual<\/title>\n<meta name=\"description\" content=\"Carnicer\u00eda en San Sebasti\u00e1n de los Reyes. \u260e 606 15 69 70. \u2705Carnicer\u00eda gran selecci\u00f3n. \u2705Ofertas en cordero de Segovia, \u2705Ternera de Avila. \u2705Env\u00edo a dimicilio\" \/>\n<meta name=\"robots\" content=\"index, follow, max-snippet:-1, max-image-preview:large, max-video-preview:-1\" \/>\n<link rel=\"canonical\" href=\"https:\/\/carnicaspascual.com\/\" \/>\n<meta property=\"og:locale\" content=\"es_ES\" \/>\n<meta property=\"og:type\" content=\"article\" \/>\n<meta property=\"og:title\" content=\"Carnicer\u00eda en San Sebasti\u00e1n de los Reyes | C\u00e1rnicas Pascual\" \/>\n<meta property=\"og:description\" content=\"Carnicer\u00eda en San Sebasti\u00e1n de los Reyes. \u260e 606 15 69 70. \u2705Carnicer\u00eda gran selecci\u00f3n. \u2705Ofertas en cordero de Segovia, \u2705Ternera de Avila. \u2705Env\u00edo a dimicilio\" \/>\n<meta property=\"og:url\" content=\"https:\/\/carnicaspascual.com\/\" \/>\n<meta property=\"og:site_name\" content=\"C\u00e1rnicas Pascual\" \/>\n<meta property=\"article:modified_time\" content=\"2023-11-21T17:30:53+00:00\" \/>\n<meta property=\"og:image\" content=\"https:\/\/carnicaspascual.com\/wp-content\/uploads\/2020\/05\/Logo-C\u00e1rnicas-Pascual.jpg\" \/>\n\t<meta property=\"og:image:width\" content=\"952\" \/>\n\t<meta property=\"og:image:height\" content=\"419\" \/>\n\t<meta property=\"og:image:type\" content=\"image\/jpeg\" \/>\n<meta name=\"twitter:card\" content=\"summary_large_image\" \/>\n<meta name=\"twitter:label1\" content=\"Tiempo de lectura\" \/>\n\t<meta name=\"twitter:data1\" content=\"1 minuto\" \/>\n<script type=\"application\/ld+json\" class=\"yoast-schema-graph\">{\"@context\":\"https:\\\/\\\/schema.org\",\"@graph\":[{\"@type\":\"WebPage\",\"@id\":\"https:\\\/\\\/carnicaspascual.com\\\/\",\"url\":\"https:\\\/\\\/carnicaspascual.com\\\/\",\"name\":\"Carnicer\u00eda en San Sebasti\u00e1n de los Reyes | C\u00e1rnicas Pascual\",\"isPartOf\":{\"@id\":\"https:\\\/\\\/carnicaspascual.com\\\/#website\"},\"primaryImageOfPage\":{\"@id\":\"https:\\\/\\\/carnicaspascual.com\\\/#primaryimage\"},\"image\":{\"@id\":\"https:\\\/\\\/carnicaspascual.com\\\/#primaryimage\"},\"thumbnailUrl\":\"https:\\\/\\\/carnicaspascual.com\\\/wp-content\\\/uploads\\\/2020\\\/05\\\/Logo-C\u00e1rnicas-Pascual.jpg\",\"datePublished\":\"2017-08-11T03:24:58+00:00\",\"dateModified\":\"2023-11-21T17:30:53+00:00\",\"description\":\"Carnicer\u00eda en San Sebasti\u00e1n de los Reyes. \u260e 606 15 69 70. \u2705Carnicer\u00eda gran selecci\u00f3n. \u2705Ofertas en cordero de Segovia, \u2705Ternera de Avila. \u2705Env\u00edo a dimicilio\",\"breadcrumb\":{\"@id\":\"https:\\\/\\\/carnicaspascual.com\\\/#breadcrumb\"},\"inLanguage\":\"es\",\"potentialAction\":[{\"@type\":\"ReadAction\",\"target\":[\"https:\\\/\\\/carnicaspascual.com\\\/\"]}]},{\"@type\":\"ImageObject\",\"inLanguage\":\"es\",\"@id\":\"https:\\\/\\\/carnicaspascual.com\\\/#primaryimage\",\"url\":\"https:\\\/\\\/carnicaspascual.com\\\/wp-content\\\/uploads\\\/2020\\\/05\\\/Logo-C\u00e1rnicas-Pascual.jpg\",\"contentUrl\":\"https:\\\/\\\/carnicaspascual.com\\\/wp-content\\\/uploads\\\/2020\\\/05\\\/Logo-C\u00e1rnicas-Pascual.jpg\",\"width\":952,\"height\":419},{\"@type\":\"BreadcrumbList\",\"@id\":\"https:\\\/\\\/carnicaspascual.com\\\/#breadcrumb\",\"itemListElement\":[{\"@type\":\"ListItem\",\"position\":1,\"name\":\"Portada\",\"item\":\"https:\\\/\\\/carnicaspascual.com\\\/\"},{\"@type\":\"ListItem\",\"position\":2,\"name\":\"Inicio\"}]},{\"@type\":\"WebSite\",\"@id\":\"https:\\\/\\\/carnicaspascual.com\\\/#website\",\"url\":\"https:\\\/\\\/carnicaspascual.com\\\/\",\"name\":\"C\u00e1rnicas Pascual\",\"description\":\"Carnicer\u00eda en San Sebasti\u00e1n de los Reyes y Alcobendas | Env\u00edo a domicilio |  91 651 58 52 | Tienda Online\",\"potentialAction\":[{\"@type\":\"SearchAction\",\"target\":{\"@type\":\"EntryPoint\",\"urlTemplate\":\"https:\\\/\\\/carnicaspascual.com\\\/?s={search_term_string}\"},\"query-input\":{\"@type\":\"PropertyValueSpecification\",\"valueRequired\":true,\"valueName\":\"search_term_string\"}}],\"inLanguage\":\"es\"}]}<\/script>\n<!-- \/ Yoast SEO plugin. -->","yoast_head_json":{"title":"Carnicer\u00eda en San Sebasti\u00e1n de los Reyes | C\u00e1rnicas Pascual","description":"Carnicer\u00eda en San Sebasti\u00e1n de los Reyes. \u260e 606 15 69 70. \u2705Carnicer\u00eda gran selecci\u00f3n. \u2705Ofertas en cordero de Segovia, \u2705Ternera de Avila. \u2705Env\u00edo a dimicilio","robots":{"index":"index","follow":"follow","max-snippet":"max-snippet:-1","max-image-preview":"max-image-preview:large","max-video-preview":"max-video-preview:-1"},"canonical":"https:\/\/carnicaspascual.com\/","og_locale":"es_ES","og_type":"article","og_title":"Carnicer\u00eda en San Sebasti\u00e1n de los Reyes | C\u00e1rnicas Pascual","og_description":"Carnicer\u00eda en San Sebasti\u00e1n de los Reyes. \u260e 606 15 69 70. \u2705Carnicer\u00eda gran selecci\u00f3n. \u2705Ofertas en cordero de Segovia, \u2705Ternera de Avila. \u2705Env\u00edo a dimicilio","og_url":"https:\/\/carnicaspascual.com\/","og_site_name":"C\u00e1rnicas Pascual","article_modified_time":"2023-11-21T17:30:53+00:00","og_image":[{"width":952,"height":419,"url":"https:\/\/carnicaspascual.com\/wp-content\/uploads\/2020\/05\/Logo-C\u00e1rnicas-Pascual.jpg","type":"image\/jpeg"}],"twitter_card":"summary_large_image","twitter_misc":{"Tiempo de lectura":"1 minuto"},"schema":{"@context":"https:\/\/schema.org","@graph":[{"@type":"WebPage","@id":"https:\/\/carnicaspascual.com\/","url":"https:\/\/carnicaspascual.com\/","name":"Carnicer\u00eda en San Sebasti\u00e1n de los Reyes | C\u00e1rnicas Pascual","isPartOf":{"@id":"https:\/\/carnicaspascual.com\/#website"},"primaryImageOfPage":{"@id":"https:\/\/carnicaspascual.com\/#primaryimage"},"image":{"@id":"https:\/\/carnicaspascual.com\/#primaryimage"},"thumbnailUrl":"https:\/\/carnicaspascual.com\/wp-content\/uploads\/2020\/05\/Logo-C\u00e1rnicas-Pascual.jpg","datePublished":"2017-08-11T03:24:58+00:00","dateModified":"2023-11-21T17:30:53+00:00","description":"Carnicer\u00eda en San Sebasti\u00e1n de los Reyes. \u260e 606 15 69 70. \u2705Carnicer\u00eda gran selecci\u00f3n. \u2705Ofertas en cordero de Segovia, \u2705Ternera de Avila. \u2705Env\u00edo a dimicilio","breadcrumb":{"@id":"https:\/\/carnicaspascual.com\/#breadcrumb"},"inLanguage":"es","potentialAction":[{"@type":"ReadAction","target":["https:\/\/carnicaspascual.com\/"]}]},{"@type":"ImageObject","inLanguage":"es","@id":"https:\/\/carnicaspascual.com\/#primaryimage","url":"https:\/\/carnicaspascual.com\/wp-content\/uploads\/2020\/05\/Logo-C\u00e1rnicas-Pascual.jpg","contentUrl":"https:\/\/carnicaspascual.com\/wp-content\/uploads\/2020\/05\/Logo-C\u00e1rnicas-Pascual.jpg","width":952,"height":419},{"@type":"BreadcrumbList","@id":"https:\/\/carnicaspascual.com\/#breadcrumb","itemListElement":[{"@type":"ListItem","position":1,"name":"Portada","item":"https:\/\/carnicaspascual.com\/"},{"@type":"ListItem","position":2,"name":"Inicio"}]},{"@type":"WebSite","@id":"https:\/\/carnicaspascual.com\/#website","url":"https:\/\/carnicaspascual.com\/","name":"C\u00e1rnicas Pascual","description":"Carnicer\u00eda en San Sebasti\u00e1n de los Reyes y Alcobendas | Env\u00edo a domicilio |  91 651 58 52 | Tienda Online","potentialAction":[{"@type":"SearchAction","target":{"@type":"EntryPoint","urlTemplate":"https:\/\/carnicaspascual.com\/?s={search_term_string}"},"query-input":{"@type":"PropertyValueSpecification","valueRequired":true,"valueName":"search_term_string"}}],"inLanguage":"es"}]}},"_links":{"self":[{"href":"https:\/\/carnicaspascual.com\/index.php?rest_route=\/wp\/v2\/pages\/888","targetHints":{"allow":["GET"]}}],"collection":[{"href":"https:\/\/carnicaspascual.com\/index.php?rest_route=\/wp\/v2\/pages"}],"about":[{"href":"https:\/\/carnicaspascual.com\/index.php?rest_route=\/wp\/v2\/types\/page"}],"author":[{"embeddable":true,"href":"https:\/\/carnicaspascual.com\/index.php?rest_route=\/wp\/v2\/users\/1"}],"replies":[{"embeddable":true,"href":"https:\/\/carnicaspascual.com\/index.php?rest_route=%2Fwp%2Fv2%2Fcomments&post=888"}],"version-history":[{"count":74,"href":"https:\/\/carnicaspascual.com\/index.php?rest_route=\/wp\/v2\/pages\/888\/revisions"}],"predecessor-version":[{"id":3831,"href":"https:\/\/carnicaspascual.com\/index.php?rest_route=\/wp\/v2\/pages\/888\/revisions\/3831"}],"wp:featuredmedia":[{"embeddable":true,"href":"https:\/\/carnicaspascual.com\/index.php?rest_route=\/wp\/v2\/media\/3453"}],"wp:attachment":[{"href":"https:\/\/carnicaspascual.com\/index.php?rest_route=%2Fwp%2Fv2%2Fmedia&parent=888"}],"curies":[{"name":"wp","href":"https:\/\/api.w.org\/{rel}","templated":true}]}}