{"id":3217,"date":"2020-03-24T21:02:05","date_gmt":"2020-03-24T20:02:05","guid":{"rendered":"https:\/\/carnicaspascual.com\/?post_type=product&#038;p=3217"},"modified":"2025-12-18T19:56:00","modified_gmt":"2025-12-18T18:56:00","slug":"presa-iberica","status":"publish","type":"product","link":"https:\/\/carnicaspascual.com\/?product=presa-iberica","title":{"rendered":"Presa Ib\u00e9rica"},"content":{"rendered":"","protected":false},"excerpt":{"rendered":"<p>Parte del cabecero del lomo. Se ha vuelto una pieza muy preciada. Perfecta para la barbacoa o la plancha.<\/p>\n","protected":false},"featured_media":3168,"template":"","meta":[],"product_brand":[],"product_cat":[32],"product_tag":[],"class_list":{"0":"post-3217","1":"product","2":"type-product","3":"status-publish","4":"has-post-thumbnail","6":"product_cat-cerdo","7":"pa_peso-05-kg","8":"pa_peso-1-kg","10":"first","11":"instock","12":"taxable","13":"shipping-taxable","14":"purchasable","15":"product-type-variable","16":"has-default-attributes"},"yoast_head":"<!-- This site is optimized with the Yoast SEO plugin v27.5 - https:\/\/yoast.com\/product\/yoast-seo-wordpress\/ -->\n<title>Presa Ib\u00e9rica - C\u00e1rnicas Pascual<\/title>\n<meta name=\"robots\" content=\"index, follow, max-snippet:-1, max-image-preview:large, max-video-preview:-1\" \/>\n<link rel=\"canonical\" href=\"https:\/\/carnicaspascual.com\/shop\/presa-iberica\/\" \/>\n<meta property=\"og:locale\" content=\"es_ES\" \/>\n<meta property=\"og:type\" content=\"article\" \/>\n<meta property=\"og:title\" content=\"Presa Ib\u00e9rica - C\u00e1rnicas Pascual\" \/>\n<meta property=\"og:description\" content=\"Parte del cabecero del lomo. Se ha vuelto una pieza muy preciada. Perfecta para la barbacoa o la plancha.\" \/>\n<meta property=\"og:url\" content=\"https:\/\/carnicaspascual.com\/shop\/presa-iberica\/\" \/>\n<meta property=\"og:site_name\" content=\"C\u00e1rnicas Pascual\" \/>\n<meta property=\"article:modified_time\" content=\"2025-12-18T18:56:00+00:00\" \/>\n<meta property=\"og:image\" content=\"https:\/\/carnicaspascual.com\/wp-content\/uploads\/2020\/05\/Producto-cerdo_0005_Secreto-iberico-cerdo.jpg\" \/>\n\t<meta property=\"og:image:width\" content=\"770\" \/>\n\t<meta property=\"og:image:height\" content=\"627\" \/>\n\t<meta property=\"og:image:type\" content=\"image\/jpeg\" \/>\n<meta name=\"twitter:card\" content=\"summary_large_image\" \/>\n<meta name=\"twitter:label1\" content=\"Tiempo de lectura\" \/>\n\t<meta name=\"twitter:data1\" content=\"1 minuto\" \/>\n<script type=\"application\/ld+json\" class=\"yoast-schema-graph\">{\"@context\":\"https:\\\/\\\/schema.org\",\"@graph\":[{\"@type\":\"WebPage\",\"@id\":\"https:\\\/\\\/carnicaspascual.com\\\/shop\\\/presa-iberica\\\/\",\"url\":\"https:\\\/\\\/carnicaspascual.com\\\/shop\\\/presa-iberica\\\/\",\"name\":\"Presa Ib\u00e9rica - C\u00e1rnicas Pascual\",\"isPartOf\":{\"@id\":\"https:\\\/\\\/carnicaspascual.com\\\/#website\"},\"primaryImageOfPage\":{\"@id\":\"https:\\\/\\\/carnicaspascual.com\\\/shop\\\/presa-iberica\\\/#primaryimage\"},\"image\":{\"@id\":\"https:\\\/\\\/carnicaspascual.com\\\/shop\\\/presa-iberica\\\/#primaryimage\"},\"thumbnailUrl\":\"https:\\\/\\\/carnicaspascual.com\\\/wp-content\\\/uploads\\\/2020\\\/05\\\/Producto-cerdo_0005_Secreto-iberico-cerdo.jpg\",\"datePublished\":\"2020-03-24T20:02:05+00:00\",\"dateModified\":\"2025-12-18T18:56:00+00:00\",\"breadcrumb\":{\"@id\":\"https:\\\/\\\/carnicaspascual.com\\\/shop\\\/presa-iberica\\\/#breadcrumb\"},\"inLanguage\":\"es\",\"potentialAction\":[{\"@type\":\"ReadAction\",\"target\":[\"https:\\\/\\\/carnicaspascual.com\\\/shop\\\/presa-iberica\\\/\"]}]},{\"@type\":\"ImageObject\",\"inLanguage\":\"es\",\"@id\":\"https:\\\/\\\/carnicaspascual.com\\\/shop\\\/presa-iberica\\\/#primaryimage\",\"url\":\"https:\\\/\\\/carnicaspascual.com\\\/wp-content\\\/uploads\\\/2020\\\/05\\\/Producto-cerdo_0005_Secreto-iberico-cerdo.jpg\",\"contentUrl\":\"https:\\\/\\\/carnicaspascual.com\\\/wp-content\\\/uploads\\\/2020\\\/05\\\/Producto-cerdo_0005_Secreto-iberico-cerdo.jpg\",\"width\":770,\"height\":627},{\"@type\":\"BreadcrumbList\",\"@id\":\"https:\\\/\\\/carnicaspascual.com\\\/shop\\\/presa-iberica\\\/#breadcrumb\",\"itemListElement\":[{\"@type\":\"ListItem\",\"position\":1,\"name\":\"Portada\",\"item\":\"https:\\\/\\\/carnicaspascual.com\\\/\"},{\"@type\":\"ListItem\",\"position\":2,\"name\":\"Tienda\",\"item\":\"https:\\\/\\\/carnicaspascual.com\\\/?page_id=7\"},{\"@type\":\"ListItem\",\"position\":3,\"name\":\"Presa Ib\u00e9rica\"}]},{\"@type\":\"WebSite\",\"@id\":\"https:\\\/\\\/carnicaspascual.com\\\/#website\",\"url\":\"https:\\\/\\\/carnicaspascual.com\\\/\",\"name\":\"C\u00e1rnicas Pascual\",\"description\":\"Carnicer\u00eda en San Sebasti\u00e1n de los Reyes y Alcobendas | Env\u00edo a domicilio |  91 651 58 52 | Tienda Online\",\"potentialAction\":[{\"@type\":\"SearchAction\",\"target\":{\"@type\":\"EntryPoint\",\"urlTemplate\":\"https:\\\/\\\/carnicaspascual.com\\\/?s={search_term_string}\"},\"query-input\":{\"@type\":\"PropertyValueSpecification\",\"valueRequired\":true,\"valueName\":\"search_term_string\"}}],\"inLanguage\":\"es\"}]}<\/script>\n<!-- \/ Yoast SEO plugin. -->","yoast_head_json":{"title":"Presa Ib\u00e9rica - C\u00e1rnicas Pascual","robots":{"index":"index","follow":"follow","max-snippet":"max-snippet:-1","max-image-preview":"max-image-preview:large","max-video-preview":"max-video-preview:-1"},"canonical":"https:\/\/carnicaspascual.com\/shop\/presa-iberica\/","og_locale":"es_ES","og_type":"article","og_title":"Presa Ib\u00e9rica - C\u00e1rnicas Pascual","og_description":"Parte del cabecero del lomo. Se ha vuelto una pieza muy preciada. Perfecta para la barbacoa o la plancha.","og_url":"https:\/\/carnicaspascual.com\/shop\/presa-iberica\/","og_site_name":"C\u00e1rnicas Pascual","article_modified_time":"2025-12-18T18:56:00+00:00","og_image":[{"width":770,"height":627,"url":"https:\/\/carnicaspascual.com\/wp-content\/uploads\/2020\/05\/Producto-cerdo_0005_Secreto-iberico-cerdo.jpg","type":"image\/jpeg"}],"twitter_card":"summary_large_image","twitter_misc":{"Tiempo de lectura":"1 minuto"},"schema":{"@context":"https:\/\/schema.org","@graph":[{"@type":"WebPage","@id":"https:\/\/carnicaspascual.com\/shop\/presa-iberica\/","url":"https:\/\/carnicaspascual.com\/shop\/presa-iberica\/","name":"Presa Ib\u00e9rica - C\u00e1rnicas Pascual","isPartOf":{"@id":"https:\/\/carnicaspascual.com\/#website"},"primaryImageOfPage":{"@id":"https:\/\/carnicaspascual.com\/shop\/presa-iberica\/#primaryimage"},"image":{"@id":"https:\/\/carnicaspascual.com\/shop\/presa-iberica\/#primaryimage"},"thumbnailUrl":"https:\/\/carnicaspascual.com\/wp-content\/uploads\/2020\/05\/Producto-cerdo_0005_Secreto-iberico-cerdo.jpg","datePublished":"2020-03-24T20:02:05+00:00","dateModified":"2025-12-18T18:56:00+00:00","breadcrumb":{"@id":"https:\/\/carnicaspascual.com\/shop\/presa-iberica\/#breadcrumb"},"inLanguage":"es","potentialAction":[{"@type":"ReadAction","target":["https:\/\/carnicaspascual.com\/shop\/presa-iberica\/"]}]},{"@type":"ImageObject","inLanguage":"es","@id":"https:\/\/carnicaspascual.com\/shop\/presa-iberica\/#primaryimage","url":"https:\/\/carnicaspascual.com\/wp-content\/uploads\/2020\/05\/Producto-cerdo_0005_Secreto-iberico-cerdo.jpg","contentUrl":"https:\/\/carnicaspascual.com\/wp-content\/uploads\/2020\/05\/Producto-cerdo_0005_Secreto-iberico-cerdo.jpg","width":770,"height":627},{"@type":"BreadcrumbList","@id":"https:\/\/carnicaspascual.com\/shop\/presa-iberica\/#breadcrumb","itemListElement":[{"@type":"ListItem","position":1,"name":"Portada","item":"https:\/\/carnicaspascual.com\/"},{"@type":"ListItem","position":2,"name":"Tienda","item":"https:\/\/carnicaspascual.com\/?page_id=7"},{"@type":"ListItem","position":3,"name":"Presa Ib\u00e9rica"}]},{"@type":"WebSite","@id":"https:\/\/carnicaspascual.com\/#website","url":"https:\/\/carnicaspascual.com\/","name":"C\u00e1rnicas Pascual","description":"Carnicer\u00eda en San Sebasti\u00e1n de los Reyes y Alcobendas | Env\u00edo a domicilio |  91 651 58 52 | Tienda Online","potentialAction":[{"@type":"SearchAction","target":{"@type":"EntryPoint","urlTemplate":"https:\/\/carnicaspascual.com\/?s={search_term_string}"},"query-input":{"@type":"PropertyValueSpecification","valueRequired":true,"valueName":"search_term_string"}}],"inLanguage":"es"}]}},"_links":{"self":[{"href":"https:\/\/carnicaspascual.com\/index.php?rest_route=\/wp\/v2\/product\/3217","targetHints":{"allow":["GET"]}}],"collection":[{"href":"https:\/\/carnicaspascual.com\/index.php?rest_route=\/wp\/v2\/product"}],"about":[{"href":"https:\/\/carnicaspascual.com\/index.php?rest_route=\/wp\/v2\/types\/product"}],"wp:featuredmedia":[{"embeddable":true,"href":"https:\/\/carnicaspascual.com\/index.php?rest_route=\/wp\/v2\/media\/3168"}],"wp:attachment":[{"href":"https:\/\/carnicaspascual.com\/index.php?rest_route=%2Fwp%2Fv2%2Fmedia&parent=3217"}],"wp:term":[{"taxonomy":"product_brand","embeddable":true,"href":"https:\/\/carnicaspascual.com\/index.php?rest_route=%2Fwp%2Fv2%2Fproduct_brand&post=3217"},{"taxonomy":"product_cat","embeddable":true,"href":"https:\/\/carnicaspascual.com\/index.php?rest_route=%2Fwp%2Fv2%2Fproduct_cat&post=3217"},{"taxonomy":"product_tag","embeddable":true,"href":"https:\/\/carnicaspascual.com\/index.php?rest_route=%2Fwp%2Fv2%2Fproduct_tag&post=3217"}],"curies":[{"name":"wp","href":"https:\/\/api.w.org\/{rel}","templated":true}]}}