{"id":3383,"date":"2020-03-17T12:16:01","date_gmt":"2020-03-17T11:16:01","guid":{"rendered":"https:\/\/carnicaspascual.com\/?post_type=product&#038;p=3383"},"modified":"2024-10-30T20:53:48","modified_gmt":"2024-10-30T19:53:48","slug":"chuleta-de-cerdo","status":"publish","type":"product","link":"https:\/\/carnicaspascual.com\/?product=chuleta-de-cerdo","title":{"rendered":"Chuleta de cerdo."},"content":{"rendered":"","protected":false},"excerpt":{"rendered":"<p>Chuletas jugosas perfectas para la plancha.<\/p>\n","protected":false},"featured_media":3390,"template":"","meta":[],"product_brand":[],"product_cat":[32],"product_tag":[],"class_list":{"0":"post-3383","1":"product","2":"type-product","3":"status-publish","4":"has-post-thumbnail","6":"product_cat-cerdo","7":"pa_peso-05-kg","8":"pa_peso-1-kg","10":"first","11":"instock","12":"taxable","13":"shipping-taxable","14":"purchasable","15":"product-type-variable","16":"has-default-attributes"},"yoast_head":"<!-- This site is optimized with the Yoast SEO plugin v27.5 - https:\/\/yoast.com\/product\/yoast-seo-wordpress\/ -->\n<title>Chuleta de cerdo. - C\u00e1rnicas Pascual<\/title>\n<meta name=\"robots\" content=\"index, follow, max-snippet:-1, max-image-preview:large, max-video-preview:-1\" \/>\n<link rel=\"canonical\" href=\"https:\/\/carnicaspascual.com\/shop\/chuleta-de-cerdo\/\" \/>\n<meta property=\"og:locale\" content=\"es_ES\" \/>\n<meta property=\"og:type\" content=\"article\" \/>\n<meta property=\"og:title\" content=\"Chuleta de cerdo. - C\u00e1rnicas Pascual\" \/>\n<meta property=\"og:description\" content=\"Chuletas jugosas perfectas para la plancha.\" \/>\n<meta property=\"og:url\" content=\"https:\/\/carnicaspascual.com\/shop\/chuleta-de-cerdo\/\" \/>\n<meta property=\"og:site_name\" content=\"C\u00e1rnicas Pascual\" \/>\n<meta property=\"article:modified_time\" content=\"2024-10-30T19:53:48+00:00\" \/>\n<meta property=\"og:image\" content=\"https:\/\/carnicaspascual.com\/wp-content\/uploads\/2020\/05\/Producto-cerdo_0016_Chuleta-de-cerdo-1.jpg\" \/>\n\t<meta property=\"og:image:width\" content=\"770\" \/>\n\t<meta property=\"og:image:height\" content=\"627\" \/>\n\t<meta property=\"og:image:type\" content=\"image\/jpeg\" \/>\n<meta name=\"twitter:card\" content=\"summary_large_image\" \/>\n<meta name=\"twitter:label1\" content=\"Tiempo de lectura\" \/>\n\t<meta name=\"twitter:data1\" content=\"1 minuto\" \/>\n<script type=\"application\/ld+json\" class=\"yoast-schema-graph\">{\"@context\":\"https:\\\/\\\/schema.org\",\"@graph\":[{\"@type\":\"WebPage\",\"@id\":\"https:\\\/\\\/carnicaspascual.com\\\/shop\\\/chuleta-de-cerdo\\\/\",\"url\":\"https:\\\/\\\/carnicaspascual.com\\\/shop\\\/chuleta-de-cerdo\\\/\",\"name\":\"Chuleta de cerdo. - C\u00e1rnicas Pascual\",\"isPartOf\":{\"@id\":\"https:\\\/\\\/carnicaspascual.com\\\/#website\"},\"primaryImageOfPage\":{\"@id\":\"https:\\\/\\\/carnicaspascual.com\\\/shop\\\/chuleta-de-cerdo\\\/#primaryimage\"},\"image\":{\"@id\":\"https:\\\/\\\/carnicaspascual.com\\\/shop\\\/chuleta-de-cerdo\\\/#primaryimage\"},\"thumbnailUrl\":\"https:\\\/\\\/carnicaspascual.com\\\/wp-content\\\/uploads\\\/2020\\\/05\\\/Producto-cerdo_0016_Chuleta-de-cerdo-1.jpg\",\"datePublished\":\"2020-03-17T11:16:01+00:00\",\"dateModified\":\"2024-10-30T19:53:48+00:00\",\"breadcrumb\":{\"@id\":\"https:\\\/\\\/carnicaspascual.com\\\/shop\\\/chuleta-de-cerdo\\\/#breadcrumb\"},\"inLanguage\":\"es\",\"potentialAction\":[{\"@type\":\"ReadAction\",\"target\":[\"https:\\\/\\\/carnicaspascual.com\\\/shop\\\/chuleta-de-cerdo\\\/\"]}]},{\"@type\":\"ImageObject\",\"inLanguage\":\"es\",\"@id\":\"https:\\\/\\\/carnicaspascual.com\\\/shop\\\/chuleta-de-cerdo\\\/#primaryimage\",\"url\":\"https:\\\/\\\/carnicaspascual.com\\\/wp-content\\\/uploads\\\/2020\\\/05\\\/Producto-cerdo_0016_Chuleta-de-cerdo-1.jpg\",\"contentUrl\":\"https:\\\/\\\/carnicaspascual.com\\\/wp-content\\\/uploads\\\/2020\\\/05\\\/Producto-cerdo_0016_Chuleta-de-cerdo-1.jpg\",\"width\":770,\"height\":627},{\"@type\":\"BreadcrumbList\",\"@id\":\"https:\\\/\\\/carnicaspascual.com\\\/shop\\\/chuleta-de-cerdo\\\/#breadcrumb\",\"itemListElement\":[{\"@type\":\"ListItem\",\"position\":1,\"name\":\"Portada\",\"item\":\"https:\\\/\\\/carnicaspascual.com\\\/\"},{\"@type\":\"ListItem\",\"position\":2,\"name\":\"Tienda\",\"item\":\"https:\\\/\\\/carnicaspascual.com\\\/?page_id=7\"},{\"@type\":\"ListItem\",\"position\":3,\"name\":\"Chuleta de cerdo.\"}]},{\"@type\":\"WebSite\",\"@id\":\"https:\\\/\\\/carnicaspascual.com\\\/#website\",\"url\":\"https:\\\/\\\/carnicaspascual.com\\\/\",\"name\":\"C\u00e1rnicas Pascual\",\"description\":\"Carnicer\u00eda en San Sebasti\u00e1n de los Reyes y Alcobendas | Env\u00edo a domicilio |  91 651 58 52 | Tienda Online\",\"potentialAction\":[{\"@type\":\"SearchAction\",\"target\":{\"@type\":\"EntryPoint\",\"urlTemplate\":\"https:\\\/\\\/carnicaspascual.com\\\/?s={search_term_string}\"},\"query-input\":{\"@type\":\"PropertyValueSpecification\",\"valueRequired\":true,\"valueName\":\"search_term_string\"}}],\"inLanguage\":\"es\"}]}<\/script>\n<!-- \/ Yoast SEO plugin. -->","yoast_head_json":{"title":"Chuleta de cerdo. - C\u00e1rnicas Pascual","robots":{"index":"index","follow":"follow","max-snippet":"max-snippet:-1","max-image-preview":"max-image-preview:large","max-video-preview":"max-video-preview:-1"},"canonical":"https:\/\/carnicaspascual.com\/shop\/chuleta-de-cerdo\/","og_locale":"es_ES","og_type":"article","og_title":"Chuleta de cerdo. - C\u00e1rnicas Pascual","og_description":"Chuletas jugosas perfectas para la plancha.","og_url":"https:\/\/carnicaspascual.com\/shop\/chuleta-de-cerdo\/","og_site_name":"C\u00e1rnicas Pascual","article_modified_time":"2024-10-30T19:53:48+00:00","og_image":[{"width":770,"height":627,"url":"https:\/\/carnicaspascual.com\/wp-content\/uploads\/2020\/05\/Producto-cerdo_0016_Chuleta-de-cerdo-1.jpg","type":"image\/jpeg"}],"twitter_card":"summary_large_image","twitter_misc":{"Tiempo de lectura":"1 minuto"},"schema":{"@context":"https:\/\/schema.org","@graph":[{"@type":"WebPage","@id":"https:\/\/carnicaspascual.com\/shop\/chuleta-de-cerdo\/","url":"https:\/\/carnicaspascual.com\/shop\/chuleta-de-cerdo\/","name":"Chuleta de cerdo. - C\u00e1rnicas Pascual","isPartOf":{"@id":"https:\/\/carnicaspascual.com\/#website"},"primaryImageOfPage":{"@id":"https:\/\/carnicaspascual.com\/shop\/chuleta-de-cerdo\/#primaryimage"},"image":{"@id":"https:\/\/carnicaspascual.com\/shop\/chuleta-de-cerdo\/#primaryimage"},"thumbnailUrl":"https:\/\/carnicaspascual.com\/wp-content\/uploads\/2020\/05\/Producto-cerdo_0016_Chuleta-de-cerdo-1.jpg","datePublished":"2020-03-17T11:16:01+00:00","dateModified":"2024-10-30T19:53:48+00:00","breadcrumb":{"@id":"https:\/\/carnicaspascual.com\/shop\/chuleta-de-cerdo\/#breadcrumb"},"inLanguage":"es","potentialAction":[{"@type":"ReadAction","target":["https:\/\/carnicaspascual.com\/shop\/chuleta-de-cerdo\/"]}]},{"@type":"ImageObject","inLanguage":"es","@id":"https:\/\/carnicaspascual.com\/shop\/chuleta-de-cerdo\/#primaryimage","url":"https:\/\/carnicaspascual.com\/wp-content\/uploads\/2020\/05\/Producto-cerdo_0016_Chuleta-de-cerdo-1.jpg","contentUrl":"https:\/\/carnicaspascual.com\/wp-content\/uploads\/2020\/05\/Producto-cerdo_0016_Chuleta-de-cerdo-1.jpg","width":770,"height":627},{"@type":"BreadcrumbList","@id":"https:\/\/carnicaspascual.com\/shop\/chuleta-de-cerdo\/#breadcrumb","itemListElement":[{"@type":"ListItem","position":1,"name":"Portada","item":"https:\/\/carnicaspascual.com\/"},{"@type":"ListItem","position":2,"name":"Tienda","item":"https:\/\/carnicaspascual.com\/?page_id=7"},{"@type":"ListItem","position":3,"name":"Chuleta de cerdo."}]},{"@type":"WebSite","@id":"https:\/\/carnicaspascual.com\/#website","url":"https:\/\/carnicaspascual.com\/","name":"C\u00e1rnicas Pascual","description":"Carnicer\u00eda en San Sebasti\u00e1n de los Reyes y Alcobendas | Env\u00edo a domicilio |  91 651 58 52 | Tienda Online","potentialAction":[{"@type":"SearchAction","target":{"@type":"EntryPoint","urlTemplate":"https:\/\/carnicaspascual.com\/?s={search_term_string}"},"query-input":{"@type":"PropertyValueSpecification","valueRequired":true,"valueName":"search_term_string"}}],"inLanguage":"es"}]}},"_links":{"self":[{"href":"https:\/\/carnicaspascual.com\/index.php?rest_route=\/wp\/v2\/product\/3383","targetHints":{"allow":["GET"]}}],"collection":[{"href":"https:\/\/carnicaspascual.com\/index.php?rest_route=\/wp\/v2\/product"}],"about":[{"href":"https:\/\/carnicaspascual.com\/index.php?rest_route=\/wp\/v2\/types\/product"}],"wp:featuredmedia":[{"embeddable":true,"href":"https:\/\/carnicaspascual.com\/index.php?rest_route=\/wp\/v2\/media\/3390"}],"wp:attachment":[{"href":"https:\/\/carnicaspascual.com\/index.php?rest_route=%2Fwp%2Fv2%2Fmedia&parent=3383"}],"wp:term":[{"taxonomy":"product_brand","embeddable":true,"href":"https:\/\/carnicaspascual.com\/index.php?rest_route=%2Fwp%2Fv2%2Fproduct_brand&post=3383"},{"taxonomy":"product_cat","embeddable":true,"href":"https:\/\/carnicaspascual.com\/index.php?rest_route=%2Fwp%2Fv2%2Fproduct_cat&post=3383"},{"taxonomy":"product_tag","embeddable":true,"href":"https:\/\/carnicaspascual.com\/index.php?rest_route=%2Fwp%2Fv2%2Fproduct_tag&post=3383"}],"curies":[{"name":"wp","href":"https:\/\/api.w.org\/{rel}","templated":true}]}}