{"id":3644,"date":"2022-08-30T11:59:22","date_gmt":"2022-08-30T09:59:22","guid":{"rendered":"https:\/\/carnicaspascual.com\/?post_type=product&#038;p=3644"},"modified":"2023-10-04T18:04:29","modified_gmt":"2023-10-04T16:04:29","slug":"alitas-de-pollo","status":"publish","type":"product","link":"https:\/\/carnicaspascual.com\/?product=alitas-de-pollo","title":{"rendered":"Alitas de pollo"},"content":{"rendered":"","protected":false},"excerpt":{"rendered":"<p><strong>1 Kg de Alitas de pollo<\/strong>. Ideal para fritas y en salsa. Tiernas y sabrosas.<\/p>\n","protected":false},"featured_media":3654,"template":"","meta":[],"product_brand":[],"product_cat":[33],"product_tag":[],"class_list":{"0":"post-3644","1":"product","2":"type-product","3":"status-publish","4":"has-post-thumbnail","6":"product_cat-polleria","7":"pa_peso-05-kg","8":"pa_peso-1-kg","10":"first","11":"instock","12":"taxable","13":"shipping-taxable","14":"purchasable","15":"product-type-variable"},"yoast_head":"<!-- This site is optimized with the Yoast SEO plugin v27.5 - https:\/\/yoast.com\/product\/yoast-seo-wordpress\/ -->\n<title>Alitas de pollo - C\u00e1rnicas Pascual<\/title>\n<meta name=\"robots\" content=\"index, follow, max-snippet:-1, max-image-preview:large, max-video-preview:-1\" \/>\n<link rel=\"canonical\" href=\"https:\/\/carnicaspascual.com\/shop\/alitas-de-pollo\/\" \/>\n<meta property=\"og:locale\" content=\"es_ES\" \/>\n<meta property=\"og:type\" content=\"article\" \/>\n<meta property=\"og:title\" content=\"Alitas de pollo - C\u00e1rnicas Pascual\" \/>\n<meta property=\"og:description\" content=\"1 Kg de Alitas de pollo. Ideal para fritas y en salsa. Tiernas y sabrosas.\" \/>\n<meta property=\"og:url\" content=\"https:\/\/carnicaspascual.com\/shop\/alitas-de-pollo\/\" \/>\n<meta property=\"og:site_name\" content=\"C\u00e1rnicas Pascual\" \/>\n<meta property=\"article:modified_time\" content=\"2023-10-04T16:04:29+00:00\" \/>\n<meta property=\"og:image\" content=\"https:\/\/carnicaspascual.com\/wp-content\/uploads\/2022\/08\/Diseno-sin-titulo.jpg\" \/>\n\t<meta property=\"og:image:width\" content=\"770\" \/>\n\t<meta property=\"og:image:height\" content=\"625\" \/>\n\t<meta property=\"og:image:type\" content=\"image\/jpeg\" \/>\n<meta name=\"twitter:card\" content=\"summary_large_image\" \/>\n<script type=\"application\/ld+json\" class=\"yoast-schema-graph\">{\"@context\":\"https:\\\/\\\/schema.org\",\"@graph\":[{\"@type\":\"WebPage\",\"@id\":\"https:\\\/\\\/carnicaspascual.com\\\/shop\\\/alitas-de-pollo\\\/\",\"url\":\"https:\\\/\\\/carnicaspascual.com\\\/shop\\\/alitas-de-pollo\\\/\",\"name\":\"Alitas de pollo - C\u00e1rnicas Pascual\",\"isPartOf\":{\"@id\":\"https:\\\/\\\/carnicaspascual.com\\\/#website\"},\"primaryImageOfPage\":{\"@id\":\"https:\\\/\\\/carnicaspascual.com\\\/shop\\\/alitas-de-pollo\\\/#primaryimage\"},\"image\":{\"@id\":\"https:\\\/\\\/carnicaspascual.com\\\/shop\\\/alitas-de-pollo\\\/#primaryimage\"},\"thumbnailUrl\":\"https:\\\/\\\/carnicaspascual.com\\\/wp-content\\\/uploads\\\/2022\\\/08\\\/Diseno-sin-titulo.jpg\",\"datePublished\":\"2022-08-30T09:59:22+00:00\",\"dateModified\":\"2023-10-04T16:04:29+00:00\",\"breadcrumb\":{\"@id\":\"https:\\\/\\\/carnicaspascual.com\\\/shop\\\/alitas-de-pollo\\\/#breadcrumb\"},\"inLanguage\":\"es\",\"potentialAction\":[{\"@type\":\"ReadAction\",\"target\":[\"https:\\\/\\\/carnicaspascual.com\\\/shop\\\/alitas-de-pollo\\\/\"]}]},{\"@type\":\"ImageObject\",\"inLanguage\":\"es\",\"@id\":\"https:\\\/\\\/carnicaspascual.com\\\/shop\\\/alitas-de-pollo\\\/#primaryimage\",\"url\":\"https:\\\/\\\/carnicaspascual.com\\\/wp-content\\\/uploads\\\/2022\\\/08\\\/Diseno-sin-titulo.jpg\",\"contentUrl\":\"https:\\\/\\\/carnicaspascual.com\\\/wp-content\\\/uploads\\\/2022\\\/08\\\/Diseno-sin-titulo.jpg\",\"width\":770,\"height\":625,\"caption\":\"Alitas de pollo Carnicas Pascual\"},{\"@type\":\"BreadcrumbList\",\"@id\":\"https:\\\/\\\/carnicaspascual.com\\\/shop\\\/alitas-de-pollo\\\/#breadcrumb\",\"itemListElement\":[{\"@type\":\"ListItem\",\"position\":1,\"name\":\"Portada\",\"item\":\"https:\\\/\\\/carnicaspascual.com\\\/\"},{\"@type\":\"ListItem\",\"position\":2,\"name\":\"Tienda\",\"item\":\"https:\\\/\\\/carnicaspascual.com\\\/?page_id=7\"},{\"@type\":\"ListItem\",\"position\":3,\"name\":\"Alitas de pollo\"}]},{\"@type\":\"WebSite\",\"@id\":\"https:\\\/\\\/carnicaspascual.com\\\/#website\",\"url\":\"https:\\\/\\\/carnicaspascual.com\\\/\",\"name\":\"C\u00e1rnicas Pascual\",\"description\":\"Carnicer\u00eda en San Sebasti\u00e1n de los Reyes y Alcobendas | Env\u00edo a domicilio |  91 651 58 52 | Tienda Online\",\"potentialAction\":[{\"@type\":\"SearchAction\",\"target\":{\"@type\":\"EntryPoint\",\"urlTemplate\":\"https:\\\/\\\/carnicaspascual.com\\\/?s={search_term_string}\"},\"query-input\":{\"@type\":\"PropertyValueSpecification\",\"valueRequired\":true,\"valueName\":\"search_term_string\"}}],\"inLanguage\":\"es\"}]}<\/script>\n<!-- \/ Yoast SEO plugin. -->","yoast_head_json":{"title":"Alitas de pollo - C\u00e1rnicas Pascual","robots":{"index":"index","follow":"follow","max-snippet":"max-snippet:-1","max-image-preview":"max-image-preview:large","max-video-preview":"max-video-preview:-1"},"canonical":"https:\/\/carnicaspascual.com\/shop\/alitas-de-pollo\/","og_locale":"es_ES","og_type":"article","og_title":"Alitas de pollo - C\u00e1rnicas Pascual","og_description":"1 Kg de Alitas de pollo. Ideal para fritas y en salsa. Tiernas y sabrosas.","og_url":"https:\/\/carnicaspascual.com\/shop\/alitas-de-pollo\/","og_site_name":"C\u00e1rnicas Pascual","article_modified_time":"2023-10-04T16:04:29+00:00","og_image":[{"width":770,"height":625,"url":"https:\/\/carnicaspascual.com\/wp-content\/uploads\/2022\/08\/Diseno-sin-titulo.jpg","type":"image\/jpeg"}],"twitter_card":"summary_large_image","schema":{"@context":"https:\/\/schema.org","@graph":[{"@type":"WebPage","@id":"https:\/\/carnicaspascual.com\/shop\/alitas-de-pollo\/","url":"https:\/\/carnicaspascual.com\/shop\/alitas-de-pollo\/","name":"Alitas de pollo - C\u00e1rnicas Pascual","isPartOf":{"@id":"https:\/\/carnicaspascual.com\/#website"},"primaryImageOfPage":{"@id":"https:\/\/carnicaspascual.com\/shop\/alitas-de-pollo\/#primaryimage"},"image":{"@id":"https:\/\/carnicaspascual.com\/shop\/alitas-de-pollo\/#primaryimage"},"thumbnailUrl":"https:\/\/carnicaspascual.com\/wp-content\/uploads\/2022\/08\/Diseno-sin-titulo.jpg","datePublished":"2022-08-30T09:59:22+00:00","dateModified":"2023-10-04T16:04:29+00:00","breadcrumb":{"@id":"https:\/\/carnicaspascual.com\/shop\/alitas-de-pollo\/#breadcrumb"},"inLanguage":"es","potentialAction":[{"@type":"ReadAction","target":["https:\/\/carnicaspascual.com\/shop\/alitas-de-pollo\/"]}]},{"@type":"ImageObject","inLanguage":"es","@id":"https:\/\/carnicaspascual.com\/shop\/alitas-de-pollo\/#primaryimage","url":"https:\/\/carnicaspascual.com\/wp-content\/uploads\/2022\/08\/Diseno-sin-titulo.jpg","contentUrl":"https:\/\/carnicaspascual.com\/wp-content\/uploads\/2022\/08\/Diseno-sin-titulo.jpg","width":770,"height":625,"caption":"Alitas de pollo Carnicas Pascual"},{"@type":"BreadcrumbList","@id":"https:\/\/carnicaspascual.com\/shop\/alitas-de-pollo\/#breadcrumb","itemListElement":[{"@type":"ListItem","position":1,"name":"Portada","item":"https:\/\/carnicaspascual.com\/"},{"@type":"ListItem","position":2,"name":"Tienda","item":"https:\/\/carnicaspascual.com\/?page_id=7"},{"@type":"ListItem","position":3,"name":"Alitas de pollo"}]},{"@type":"WebSite","@id":"https:\/\/carnicaspascual.com\/#website","url":"https:\/\/carnicaspascual.com\/","name":"C\u00e1rnicas Pascual","description":"Carnicer\u00eda en San Sebasti\u00e1n de los Reyes y Alcobendas | Env\u00edo a domicilio |  91 651 58 52 | Tienda Online","potentialAction":[{"@type":"SearchAction","target":{"@type":"EntryPoint","urlTemplate":"https:\/\/carnicaspascual.com\/?s={search_term_string}"},"query-input":{"@type":"PropertyValueSpecification","valueRequired":true,"valueName":"search_term_string"}}],"inLanguage":"es"}]}},"_links":{"self":[{"href":"https:\/\/carnicaspascual.com\/index.php?rest_route=\/wp\/v2\/product\/3644","targetHints":{"allow":["GET"]}}],"collection":[{"href":"https:\/\/carnicaspascual.com\/index.php?rest_route=\/wp\/v2\/product"}],"about":[{"href":"https:\/\/carnicaspascual.com\/index.php?rest_route=\/wp\/v2\/types\/product"}],"wp:featuredmedia":[{"embeddable":true,"href":"https:\/\/carnicaspascual.com\/index.php?rest_route=\/wp\/v2\/media\/3654"}],"wp:attachment":[{"href":"https:\/\/carnicaspascual.com\/index.php?rest_route=%2Fwp%2Fv2%2Fmedia&parent=3644"}],"wp:term":[{"taxonomy":"product_brand","embeddable":true,"href":"https:\/\/carnicaspascual.com\/index.php?rest_route=%2Fwp%2Fv2%2Fproduct_brand&post=3644"},{"taxonomy":"product_cat","embeddable":true,"href":"https:\/\/carnicaspascual.com\/index.php?rest_route=%2Fwp%2Fv2%2Fproduct_cat&post=3644"},{"taxonomy":"product_tag","embeddable":true,"href":"https:\/\/carnicaspascual.com\/index.php?rest_route=%2Fwp%2Fv2%2Fproduct_tag&post=3644"}],"curies":[{"name":"wp","href":"https:\/\/api.w.org\/{rel}","templated":true}]}}